{"id":2,"date":"2022-04-15T10:36:44","date_gmt":"2022-04-15T10:36:44","guid":{"rendered":"https:\/\/judkaleiart.com\/?page_id=2"},"modified":"2022-05-09T20:32:41","modified_gmt":"2022-05-09T18:32:41","slug":"about","status":"publish","type":"page","link":"https:\/\/judkaleiart.com\/es\/about\/","title":{"rendered":"Acerca de"},"content":{"rendered":"<p><\/p>\n\n\n\n<p><strong>\u00a1Hola!<\/strong>\u2661 <strong>\u00a1Gracias por pasarte por aqu\u00ed!<\/strong><\/p>\n\n\n\n<p>Mi nombre es <strong>Jud<\/strong>(<strong>s<\/strong>) y soy una artista digital autodidacta de Girona, Espa\u00f1a. \u00a1Me encanta crear todo tipo de productos que traen alegr\u00eda a la gente!<\/p>\n\n\n\n<p>Llevo dibujando desde que mi memoria alcanza,  mi obsesi\u00f3n con el <strong>anime<\/strong> empez\u00f3 desde muy peque\u00f1a. Quer\u00eda plasmar en el papel todas las magical girls que ve\u00eda en la televisi\u00f3n, y me tiraba horas observando cada peque\u00f1o detalle de su ropa, pelo, ojos, etc. para as\u00ed poder retratarlas por m\u00ed misma. Aunque parec\u00eda obvio que iba a seguir el camino de la ilustraci\u00f3n, mi yo adolescente ten\u00eda otros planes. <\/p>\n\n\n\n<p>En cuanto entr\u00e9 en el bachillerato de artes, descubr\u00ed el mundo de la <strong>fotograf\u00eda<\/strong> y me fascinaron todas las posibilidades de expresarme que me proporcionaba. Todo el mundo me dec\u00eda que ser fot\u00f3grafa era una profesi\u00f3n socialmente \"mejor aceptada\", as\u00ed que naturalmente entr\u00e9 en una escuela de fotograf\u00eda y estudi\u00e9 all\u00ed durante 4 a\u00f1os, especializ\u00e1ndome en fotograf\u00eda de moda. Aunque aquellos a\u00f1os me proporcionaron valiosas habilidades para mi yo del futuro, en ese momento me sent\u00eda un poco fuera de lugar en ese mundillo.<\/p>\n\n\n\n<p>Despu\u00e9s de varios a\u00f1os y un graduado en <strong>Estudios de Asia Oriental<\/strong> m\u00e1s tarde, el confinamiento me hizo ver que \u00a1siempre deb\u00ed haber seguido el camino de mi ni\u00f1a interior! As\u00ed que aqu\u00ed estoy, intentando y mejorando cada d\u00eda como artista mientras llevo este peque\u00f1o negocio. Mis mayores inspiraciones para mi arte aparte del anime old school, son la cultura japonesa y asi\u00e1tica, y la combinaci\u00f3n de elementos gr\u00e1ficos y retro con motivos coloridos.<\/p>\n\n\n\n<p><strong>Espero que te guste mi arte, \u00a1gracias por visitar mi tienda!<\/strong>\ud83c\udf38<\/p>\n\n\n\n<p>Si tienes alguna pregunta, puedes contactarme en:   <\/p>\n\n\n\n<p><em>judkalei.art@gmail.com<\/em><\/p>\n\n\n\n<p><\/p>\n\n\n\n<h2 class=\"wp-block-heading\">Policies<\/h2>\n\n\n\n<ul class=\"wp-block-list\"><li><a href=\"https:\/\/judkaleiart.com\/es\/privacy-policy\/\" data-type=\"page\" data-id=\"3\">Pol\u00edtica de Privacidad<\/a><\/li><li><a href=\"https:\/\/judkaleiart.com\/es\/cookie-policy-eu\/\" data-type=\"page\" data-id=\"82\">Pol\u00edtica de Cookies<\/a><\/li><li><a href=\"https:\/\/judkaleiart.com\/es\/refund_returns\/\" data-type=\"page\" data-id=\"11\">Pol\u00edtica de reembolso y devoluciones<\/a><\/li><li><a href=\"https:\/\/judkaleiart.com\/es\/terms-and-conditions\/\" data-type=\"page\" data-id=\"235\">Terms and Conditions<\/a><\/li><\/ul>","protected":false},"excerpt":{"rendered":"<p>Hi there!\u2661 Thanks for stopping by! My name is Jud(s) and I&#8217;m a self-taught digital artist from Girona, Spain. I love to create all kinds of cute products that bring joy to others!\ud83c\udfa8 I&#8217;ve been into drawing as far as my memory can reach, my obsession with anime began at a really young age. I [&hellip;]<\/p>\n","protected":false},"author":1,"featured_media":0,"parent":0,"menu_order":0,"comment_status":"closed","ping_status":"open","template":"","meta":{"footnotes":""},"class_list":["post-2","page","type-page","status-publish","hentry"],"_links":{"self":[{"href":"https:\/\/judkaleiart.com\/es\/wp-json\/wp\/v2\/pages\/2","targetHints":{"allow":["GET"]}}],"collection":[{"href":"https:\/\/judkaleiart.com\/es\/wp-json\/wp\/v2\/pages"}],"about":[{"href":"https:\/\/judkaleiart.com\/es\/wp-json\/wp\/v2\/types\/page"}],"author":[{"embeddable":true,"href":"https:\/\/judkaleiart.com\/es\/wp-json\/wp\/v2\/users\/1"}],"replies":[{"embeddable":true,"href":"https:\/\/judkaleiart.com\/es\/wp-json\/wp\/v2\/comments?post=2"}],"version-history":[{"count":6,"href":"https:\/\/judkaleiart.com\/es\/wp-json\/wp\/v2\/pages\/2\/revisions"}],"predecessor-version":[{"id":426,"href":"https:\/\/judkaleiart.com\/es\/wp-json\/wp\/v2\/pages\/2\/revisions\/426"}],"wp:attachment":[{"href":"https:\/\/judkaleiart.com\/es\/wp-json\/wp\/v2\/media?parent=2"}],"curies":[{"name":"wp","href":"https:\/\/api.w.org\/{rel}","templated":true}]}}