{"id":3,"date":"2022-04-15T10:36:44","date_gmt":"2022-04-15T10:36:44","guid":{"rendered":"https:\/\/judkaleiart.com\/?page_id=3"},"modified":"2022-04-17T19:55:06","modified_gmt":"2022-04-17T17:55:06","slug":"privacy-policy","status":"publish","type":"page","link":"https:\/\/judkaleiart.com\/es\/privacy-policy\/","title":{"rendered":"Pol\u00edtica de Privacidad"},"content":{"rendered":"<p>Esta pol\u00edtica de privacidad expone c\u00f3mo JudKalei Art utiliza los datos personales que recopilamos cuando se utiliza nuestra p\u00e1gina web (<a href=\"https:\/\/judkaleiart.com\/es\/\">https:\/\/judkaleiart.com<\/a>).<\/p>\n\n\n\n<h2 class=\"wp-block-heading\">\u00bfQu\u00e9 datos recopilamos?<\/h2>\n\n\n\n<p>JudKalei Art recopila los siguientes datos:<\/p>\n\n\n\n<ul class=\"wp-block-list\"><li>Informaci\u00f3n de identificaci\u00f3n personal (Nombre, direcci\u00f3n de correo electr\u00f3nico, n\u00famero de tel\u00e9fono, etc.).<\/li><li>Comentarios en publicaciones y productos: calificaci\u00f3n de productos, comentarios e im\u00e1genes cargadas por los usuarios. Cuando los visitantes dejan comentarios en el sitio, recopilamos los datos que se muestran en el formulario de comentarios, y tambi\u00e9n la direcci\u00f3n IP del visitante y el agente de usuario del navegador para ayudar a la detecci\u00f3n de spam. Se puede proporcionar un agente an\u00f3nimo creado a partir de su direcci\u00f3n de correo electr\u00f3nico (tambi\u00e9n llamada hash) al servicio Gravatar para ver si la est\u00e1 utilizando. La pol\u00edtica de privacidad del servicio Gravatar est\u00e1 disponible aqu\u00ed: <a href=\"https:\/\/automattic.com\/privacy\/\">https:\/\/automattic.com\/privacy\/<\/a>. Despu\u00e9s de la aprobaci\u00f3n de un comentario, la foto de perfil del usuario es visible para el p\u00fablico en el contexto de su comentario.<\/li><\/ul>\n\n\n\n<h2 class=\"wp-block-heading\">\u00bfC\u00f3mo recopilamos tus datos?<\/h2>\n\n\n\n<p>Se proporciona directamente a JudKalei Art la mayor\u00eda de los datos que recopilamos. Recopilamos datos y procesamos datos cuando:<\/p>\n\n\n\n<ul class=\"wp-block-list\"><li>Se registra en l\u00ednea o se hace un pedido de cualquiera de nuestros productos o servicios.<\/li><li>Se completa voluntariamente una encuesta de clientes o se proporcionan comentarios en cualquiera de nuestros tableros de mensajes o por correo electr\u00f3nico.<\/li><li>Se utiliza o consulta nuestra p\u00e1gina web a trav\u00e9s de las cookies del navegador del usuario.<\/li><\/ul>\n\n\n\n<h2 class=\"wp-block-heading\">\u00bfC\u00f3mo utilizaremos tus datos?<\/h2>\n\n\n\n<p>JudKalei Art recopila tus datos para que podamos:<\/p>\n\n\n\n<ul class=\"wp-block-list\"><li>Procesa tu pedido y gestiona tu cuenta.<\/li><li>Enviarte un correo electr\u00f3nico con ofertas especiales sobre otros productos y servicios que creemos que te pueden gustar.<\/li><\/ul>\n\n\n\n<p>JudKalei Art nunca compartir\u00e1 tus datos con ninguna otra empresa. Cuando JudKalei Art procesa tu pedido, puede enviar tus datos y tambi\u00e9n utilizar la informaci\u00f3n resultante de agencias de referencia de cr\u00e9dito para evitar compras fraudulentas.<\/p>\n\n\n\n<h2 class=\"wp-block-heading\">\u00bfC\u00f3mo almacenamos tus datos?<\/h2>\n\n\n\n<p>JudKalei Art almacena de forma segura tus datos en servicios en la nube y sigue las precauciones de seguridad adecuadas.<\/p>\n\n\n\n<p>JudKalei Art conservar\u00e1 tus datos durante dos a\u00f1os. Una vez transcurrido este plazo, si el usuario ha estado inactivo, eliminaremos tus datos por completo.<\/p>\n\n\n\n<h2 class=\"wp-block-heading\">M\u00e1rketing<\/h2>\n\n\n\n<p>A JudKalei Art le gustar\u00eda enviarte informaci\u00f3n sobre nuestros productos y servicios que creemos que te pueden gustar.<\/p>\n\n\n\n<p>Si has aceptado recibir marketing, siempre puedes optar por desuscribirte posteriormente.<\/p>\n\n\n\n<p>Tienes derecho en cualquier momento a impedir que JudKAlei Art se comunique contigo con fines de m\u00e1rketing.<\/p>\n\n\n\n<p>Si ya no deseas recibir emails con fines de marketing, puedes optar por no participar a trav\u00e9s de cualquiera de nuestros correos electr\u00f3nicos enviados, utilizando el bot\u00f3n \"Cancelar suscripci\u00f3n\".<\/p>\n\n\n\n<h2 class=\"wp-block-heading\">\u00bfCu\u00e1les son tus derechos de protecci\u00f3n de datos?<\/h2>\n\n\n\n<p>A JudKalei Art le gustar\u00eda asegurarse de que conoces todos tus derechos de protecci\u00f3n de datos. Todo usuario tiene derecho a lo siguiente:<\/p>\n\n\n\n<p><strong>El derecho de acceso<\/strong> \u2013 Tienes derecho a solicitar a JudKalei Art copias de tus datos personales. Es posible que te cobremos una peque\u00f1a tarifa por este servicio.<\/p>\n\n\n\n<p><strong>El derecho de ratificaci\u00f3n<\/strong> \u2013 Tienes derecho a solicitar que JudKalei Art corrija cualquier informaci\u00f3n que creas que es inexacta. Tambi\u00e9n tienes derecho a solicitar a JudKalei Art que complete la informaci\u00f3n que crees que est\u00e1 incompleta.<\/p>\n\n\n\n<p><strong>El derecho de eliminaci\u00f3n<\/strong> \u2013 Tienes derecho a solicitar que JudKalei Art elimine tus datos personales, bajo ciertas condiciones.<\/p>\n\n\n\n<p><strong>El derecho de restingir el procesamiento<\/strong> \u2013 Tienes derecho a solicitar que JudKalei Art restrinja el procesamiento de tus datos personales, bajo ciertas condiciones.<\/p>\n\n\n\n<p><strong>El derecho de oponerse al procesamiento<\/strong> \u2013 Tienes derecho a oponerte al procesamiento de tus datos personales por parte de JudKalei Art, bajo ciertas condiciones.<\/p>\n\n\n\n<p><strong>El derecho de portabilidad<\/strong> \u2013 Tienes derecho a solicitar que JudKalei Art transfiera los datos que hemos recopilado a otra organizaci\u00f3n, o directamente a ti, bajo ciertas condiciones.<\/p>\n\n\n\n<p>Si realizas una solicitud, tenemos un mes para responderte. Si deseas ejercer alguno de estos derechos, ponte en contacto con nosotros en nuestro correo electr\u00f3nico: <em>judkalei.art@gmail.com<\/em>.<\/p>\n\n\n\n<h2 class=\"wp-block-heading\">Cookies<\/h2>\n\n\n\n<p>Las cookies son archivos de texto que se colocan en tu ordenador para recopilar informaci\u00f3n est\u00e1ndar de registro de Internet e informaci\u00f3n sobre el comportamiento de los visitantes. Cuando visitas nuestro sitio web, podemos recopilar informaci\u00f3n sobre ti autom\u00e1ticamente a trav\u00e9s de cookies o tecnolog\u00eda similar. Eres libre de consultar nuestra <a href=\"https:\/\/judkaleiart.com\/es\/cookie-policy-eu\/\" data-type=\"page\" data-id=\"82\">Pol\u00edtica de Cookies<\/a> para comprobar qu\u00e9 cookies utilizamos y su finalidad.<\/p>\n\n\n\n<p>Para m\u00e1s informaci\u00f3n, visita <a href=\"http:\/\/allaboutcookies.org\" data-type=\"URL\" data-id=\"allaboutcookies.org\">allaboutcookies.org<\/a>.<\/p>\n\n\n\n<h2 class=\"wp-block-heading\">Media<\/h2>\n\n\n\n<p>Si subes im\u00e1genes al sitio web, debes evitar subir im\u00e1genes con datos de ubicaci\u00f3n incrustados (GPS EXIF) incluidos. Los visitantes del sitio web pueden descargar y extraer cualquier dato de ubicaci\u00f3n de las im\u00e1genes del sitio web.<\/p>\n\n\n\n<h2 class=\"wp-block-heading\">Contenido incrustado de otros sitios web<\/h2>\n\n\n\n<p>Los art\u00edculos en este sitio pueden incluir contenido incrustado (por ejemplo, videos, im\u00e1genes, art\u00edculos, etc.). El contenido incrustado de otros sitios web se comporta exactamente de la misma manera que si el visitante hubiera visitado el otro sitio web.<\/p>\n\n\n\n<p>Estos sitios web pueden recopilar datos, usar cookies, incrustar un seguimiento adicional de terceros y monitorear tu interacci\u00f3n con ese contenido incrustado, incluido el seguimiento de tu interacci\u00f3n con el contenido incrustado si tienes una cuenta y has iniciado sesi\u00f3n en ese sitio web.<\/p>\n\n\n\n<h2 class=\"wp-block-heading\">Pol\u00edticas de privacidad de otros sitios web<\/h2>\n\n\n\n<p>El sitio web de JudKalei Art contiene enlaces a otros sitios web. Nuestra pol\u00edtica de privacidad se aplica solo a nuestro sitio web, por lo que si haces clic en un enlace a otro sitio web, debes leer su pol\u00edtica de privacidad.<\/p>\n\n\n\n<h2 class=\"wp-block-heading\">Cambios en nuestra pol\u00edtica de privacidad<\/h2>\n\n\n\n<p>JudKalei Art mantiene su pol\u00edtica de privacidad bajo revisi\u00f3n peri\u00f3dica y coloca cualquier actualizaci\u00f3n en esta p\u00e1gina web. Esta pol\u00edtica de privacidad se actualiz\u00f3 por \u00faltima vez el 17 de abril de 2022.<\/p>\n\n\n\n<h2 class=\"wp-block-heading\">Como contactar con nosotros<\/h2>\n\n\n\n<p>Si tienes alguna pregunta sobre la pol\u00edtica de privacidad de JudKalei Art, los datos que tenemos sobre ti o si deseas ejercer uno de tus derechos de protecci\u00f3n de datos, no dudes en ponerse en contacto con nosotros.<\/p>\n\n\n\n<p>Env\u00edanos un email a: <em>judkalei.art@gmail.com<\/em>.<\/p>\n\n\n\n<p><\/p>","protected":false},"excerpt":{"rendered":"<p>This privacy policy will explain how JudKalei Art uses the personal data we collect from you when you use our website (https:\/\/judkaleiart.com). What data do we collect? JudKalei Art collects the following data: Personal identification information (Name, email address, phone number, etc.). Comments on posts and products: Rating on products, comments, and images uploaded by [&hellip;]<\/p>\n","protected":false},"author":1,"featured_media":0,"parent":0,"menu_order":0,"comment_status":"closed","ping_status":"open","template":"","meta":{"footnotes":""},"class_list":["post-3","page","type-page","status-publish","hentry"],"_links":{"self":[{"href":"https:\/\/judkaleiart.com\/es\/wp-json\/wp\/v2\/pages\/3","targetHints":{"allow":["GET"]}}],"collection":[{"href":"https:\/\/judkaleiart.com\/es\/wp-json\/wp\/v2\/pages"}],"about":[{"href":"https:\/\/judkaleiart.com\/es\/wp-json\/wp\/v2\/types\/page"}],"author":[{"embeddable":true,"href":"https:\/\/judkaleiart.com\/es\/wp-json\/wp\/v2\/users\/1"}],"replies":[{"embeddable":true,"href":"https:\/\/judkaleiart.com\/es\/wp-json\/wp\/v2\/comments?post=3"}],"version-history":[{"count":3,"href":"https:\/\/judkaleiart.com\/es\/wp-json\/wp\/v2\/pages\/3\/revisions"}],"predecessor-version":[{"id":101,"href":"https:\/\/judkaleiart.com\/es\/wp-json\/wp\/v2\/pages\/3\/revisions\/101"}],"wp:attachment":[{"href":"https:\/\/judkaleiart.com\/es\/wp-json\/wp\/v2\/media?parent=3"}],"curies":[{"name":"wp","href":"https:\/\/api.w.org\/{rel}","templated":true}]}}