{"id":1133,"date":"2024-04-14T10:40:30","date_gmt":"2024-04-14T08:40:30","guid":{"rendered":"https:\/\/judkaleiart.com\/?post_type=product&#038;p=1133"},"modified":"2026-04-04T05:41:16","modified_gmt":"2026-04-04T03:41:16","slug":"sticker-collection-pikmin-frieren-sad-hamster-bo-chan","status":"publish","type":"product","link":"https:\/\/judkaleiart.com\/es\/producto\/sticker-collection-pikmin-frieren-sad-hamster-bo-chan\/","title":{"rendered":"Colecci\u00f3n de Pegatinas: Pikmin, Frieren, H\u00e1mster Triste &amp; Bo-chan"},"content":{"rendered":"<p style=\"text-align: center;\">\u2661 Colecci\u00f3n de stickers kawaii de dise\u00f1o propio \u2661<\/p>\n<p>Estas pegatinas est\u00e1n hechas de papel fotogr\u00e1fico blanco brillante a prueba de salpicaduras, ilustradas digitalmente en Procreate. \u00a1Las puedes colocar en tu cuaderno, carpeta, casillero o donde quieras! \u00a1A\u00f1ade estas pegatinas kawaii a tu colecci\u00f3n! <span class=\"emoji\">\ud83d\udc95<\/span><\/p>\n<p>Hay seis pegatinas incluidas en esta colecci\u00f3n, que se pueden comprar por separado o en varios packs con descuentos:<br \/>\n\u27a4 1. H\u00e1mster triste: \u201cYes, I will cry\u201d, con el popular meme de h\u00e1mster de TikTok.<br \/>\n\u27a4 2. Fruity Bo-chan: Pegatina original con un Bo-chan disfrazado de melocot\u00f3n de Crayon Shin-chan, que dice \"I'm so fruity\"... si lo sabes, lo sabes.<br \/>\n\u27a4 3. Pikmin Amarillo: Teniendo una peque\u00f1a crisis existencial, podemos identificarnos\u2026<br \/>\n\u27a4 4. Frieren Sama: Mostrar un poco de afecto a veces puede ayudar.<br \/>\n\u27a4 5. Fern: Puede ponerse demasiado salty, mejor no hables con ella por un tiempo.<br \/>\n\u27a4 6. Sein: El \u00fanico que se atreve a decir lo que todos estamos pensando.<\/p>\n<p>Tama\u00f1o: approx 6 cm. ~ 2,36 pulgadas.<\/p>\n<p>Material: Papel fotogr\u00e1fico blanco brillante resistente a salpicaduras (100 g\/m2).<\/p>\n<p>&#8212;&#8212;&#8212;&#8212;&#8212;&#8212;&#8212;&#8212;&#8212;&#8212;&#8212;&#8212;&#8212;-<\/p>\n<p>\ud83d\ude9a ENV\u00cdO R\u00c1PIDO 1-3 D\u00cdAS \ud83d\ude9a<\/p>\n<p>Tiempo estimado de llegada (ver <a href=\"https:\/\/judkaleiart.com\/es\/faq\/\">Informaci\u00f3n de env\u00edo<\/a>):<\/p>\n<p>Espa\u00f1a: 3-5 d\u00edas.<br \/>\nEuropa: 1-2 semanas.<br \/>\nEstados Unidos (y otros): 2-3 semanas.<\/p>\n<p>Ten en cuenta que el tiempo estimado de env\u00edo puede variar debido a la situaci\u00f3n de Covid-19, y que una vez que env\u00ede el pedido por correo ordinario, \u00a1no tengo control sobre \u00e9l! Para un env\u00edo m\u00e1s r\u00e1pido, tambi\u00e9n est\u00e1 disponible el env\u00edo por correo certificado (incluye n\u00famero de seguimiento).<\/p>\n<p>&#8212;&#8212;&#8212;&#8212;&#8212;&#8212;&#8212;&#8212;&#8212;&#8212;&#8212;&#8212;&#8212;-<\/p>\n<p>\ud83c\udf81 \u00a1REGALO! \ud83c\udf81 Cada pedido recibir\u00e1 una pegatina extra al azar de uno de mis dise\u00f1os \ud83d\ude42<\/p>\n<p>Si tienes alguna pregunta, \u00a1no dudes en contactarme!<\/p>\n<p>\u2661 Juds \u2661<\/p>\n<p>&nbsp;<\/p>","protected":false},"excerpt":{"rendered":"<p>\u2661 Self-designed cute sticker collection! \u2661 These stickers are made out of splashproof glossy white photo paper, illustrated digitally on Procreate! Can be placed in your notebook, binder, locker, or wherever you want! Add these cute stickers to your anime collection! \ud83d\udc95 There are six stickers included in this collection, that can be bought separately [&hellip;]<\/p>\n","protected":false},"featured_media":1141,"comment_status":"open","ping_status":"closed","template":"","meta":[],"product_brand":[],"product_cat":[81],"product_tag":[],"class_list":{"0":"post-1133","1":"product","2":"type-product","3":"status-publish","4":"has-post-thumbnail","6":"product_cat-sticker-sheets","7":"product_shipping_class-small-letter","9":"first","10":"instock","11":"shipping-taxable","12":"purchasable","13":"product-type-variable"},"_links":{"self":[{"href":"https:\/\/judkaleiart.com\/es\/wp-json\/wp\/v2\/product\/1133","targetHints":{"allow":["GET"]}}],"collection":[{"href":"https:\/\/judkaleiart.com\/es\/wp-json\/wp\/v2\/product"}],"about":[{"href":"https:\/\/judkaleiart.com\/es\/wp-json\/wp\/v2\/types\/product"}],"replies":[{"embeddable":true,"href":"https:\/\/judkaleiart.com\/es\/wp-json\/wp\/v2\/comments?post=1133"}],"wp:featuredmedia":[{"embeddable":true,"href":"https:\/\/judkaleiart.com\/es\/wp-json\/wp\/v2\/media\/1141"}],"wp:attachment":[{"href":"https:\/\/judkaleiart.com\/es\/wp-json\/wp\/v2\/media?parent=1133"}],"wp:term":[{"taxonomy":"product_brand","embeddable":true,"href":"https:\/\/judkaleiart.com\/es\/wp-json\/wp\/v2\/product_brand?post=1133"},{"taxonomy":"product_cat","embeddable":true,"href":"https:\/\/judkaleiart.com\/es\/wp-json\/wp\/v2\/product_cat?post=1133"},{"taxonomy":"product_tag","embeddable":true,"href":"https:\/\/judkaleiart.com\/es\/wp-json\/wp\/v2\/product_tag?post=1133"}],"curies":[{"name":"wp","href":"https:\/\/api.w.org\/{rel}","templated":true}]}}