{"id":1158,"date":"2024-04-12T11:53:35","date_gmt":"2024-04-12T09:53:35","guid":{"rendered":"https:\/\/judkaleiart.com\/?post_type=product&#038;p=1158"},"modified":"2025-11-26T09:02:55","modified_gmt":"2025-11-26T07:02:55","slug":"hamtaro-friends-sticker-sheets","status":"publish","type":"product","link":"https:\/\/judkaleiart.com\/es\/producto\/hamtaro-friends-sticker-sheets\/","title":{"rendered":"Hamtaro &#038; Friends Sticker Sheets"},"content":{"rendered":"<p style=\"text-align: center;\"><strong><em>\u2661 Kawaii Sticker Sheets de Hamtaro de dise\u00f1o propio \u2661<\/em><\/strong><\/p>\n<p>Estas pegatinas est\u00e1n hechas de papel fotogr\u00e1fico blanco brillante a prueba de salpicaduras, ilustradas digitalmente en Procreate. \u00a1Las puedes colocar en tu cuaderno, carpeta, casillero o donde quieras! \u00a1A\u00f1ade estas pegatinas kawaii a tu colecci\u00f3n! <span class=\"emoji\">\ud83d\udc95<\/span><\/p>\n<p>Hay dos sticker sheets incluidas en esta colecci\u00f3n, que se pueden comprar por separado o en pack con descuento:<br \/>\n\u27a4 1. Little Ham Hams: Incluye 6 pegatinas.<br \/>\n\u27a4 2. Big Hamventures: Incluye 9 pegatinas.<\/p>\n<p>Material: Papel fotogr\u00e1fico blanco brillante resistente a salpicaduras (100 g\/m2).<br \/>\nTama\u00f1o (sheet): Approx 10 x 15 cm (3,93 x 5,9 pulgadas)<\/p>\n<p>&#8212;&#8212;&#8212;&#8212;&#8212;&#8212;&#8212;&#8212;&#8212;&#8212;&#8212;&#8212;&#8212;-<\/p>\n<p>\ud83d\ude9a ENV\u00cdO R\u00c1PIDO 1-3 D\u00cdAS \ud83d\ude9a<\/p>\n<p>Tiempo estimado de llegada (ver <a href=\"https:\/\/judkaleiart.com\/es\/faq\/\">Informaci\u00f3n de env\u00edo<\/a>):<\/p>\n<p>Espa\u00f1a: 3-5 d\u00edas.<br \/>\nEuropa: 1-2 semanas.<br \/>\nEstados Unidos (y otros): 2-3 semanas.<\/p>\n<p>Ten en cuenta que el tiempo estimado de env\u00edo puede variar debido a la situaci\u00f3n de Covid-19, y que una vez que env\u00ede el pedido por correo ordinario, \u00a1no tengo control sobre \u00e9l! Para un env\u00edo m\u00e1s r\u00e1pido, tambi\u00e9n est\u00e1 disponible el env\u00edo por correo certificado (incluye n\u00famero de seguimiento).<\/p>\n<p>&#8212;&#8212;&#8212;&#8212;&#8212;&#8212;&#8212;&#8212;&#8212;&#8212;&#8212;&#8212;&#8212;-<\/p>\n<p>\ud83c\udf81 \u00a1REGALO! \ud83c\udf81 Cada pedido recibir\u00e1 una pegatina extra al azar de uno de mis dise\u00f1os \ud83d\ude42<\/p>\n<p>Si tienes alguna pregunta, \u00a1no dudes en contactarme!<\/p>\n<p>\u2661 Juds \u2661<\/p>","protected":false},"excerpt":{"rendered":"<p>\u2661 Self-designed cute Hamtaro sticker sheets \u2661 These stickers are made out of splashproof glossy white photo paper, illustrated digitally on Procreate! Can be placed in your notebook, binder, locker, or wherever you want! Add these cute stickers to your anime collection! \ud83d\udc95 There are two sticker sheets included in this collection, that can be [&hellip;]<\/p>\n","protected":false},"featured_media":1157,"comment_status":"open","ping_status":"closed","template":"","meta":[],"product_brand":[],"product_cat":[81],"product_tag":[],"class_list":{"0":"post-1158","1":"product","2":"type-product","3":"status-publish","4":"has-post-thumbnail","6":"product_cat-sticker-sheets","7":"product_shipping_class-small-letter","9":"first","10":"instock","11":"shipping-taxable","12":"purchasable","13":"product-type-variable"},"_links":{"self":[{"href":"https:\/\/judkaleiart.com\/es\/wp-json\/wp\/v2\/product\/1158","targetHints":{"allow":["GET"]}}],"collection":[{"href":"https:\/\/judkaleiart.com\/es\/wp-json\/wp\/v2\/product"}],"about":[{"href":"https:\/\/judkaleiart.com\/es\/wp-json\/wp\/v2\/types\/product"}],"replies":[{"embeddable":true,"href":"https:\/\/judkaleiart.com\/es\/wp-json\/wp\/v2\/comments?post=1158"}],"wp:featuredmedia":[{"embeddable":true,"href":"https:\/\/judkaleiart.com\/es\/wp-json\/wp\/v2\/media\/1157"}],"wp:attachment":[{"href":"https:\/\/judkaleiart.com\/es\/wp-json\/wp\/v2\/media?parent=1158"}],"wp:term":[{"taxonomy":"product_brand","embeddable":true,"href":"https:\/\/judkaleiart.com\/es\/wp-json\/wp\/v2\/product_brand?post=1158"},{"taxonomy":"product_cat","embeddable":true,"href":"https:\/\/judkaleiart.com\/es\/wp-json\/wp\/v2\/product_cat?post=1158"},{"taxonomy":"product_tag","embeddable":true,"href":"https:\/\/judkaleiart.com\/es\/wp-json\/wp\/v2\/product_tag?post=1158"}],"curies":[{"name":"wp","href":"https:\/\/api.w.org\/{rel}","templated":true}]}}