{"id":1173,"date":"2024-04-13T10:53:25","date_gmt":"2024-04-13T08:53:25","guid":{"rendered":"https:\/\/judkaleiart.com\/?post_type=product&#038;p=1173"},"modified":"2026-03-03T14:23:21","modified_gmt":"2026-03-03T12:23:21","slug":"koroks-dungeon-meshi-pencil-cases","status":"publish","type":"product","link":"https:\/\/judkaleiart.com\/es\/producto\/koroks-dungeon-meshi-pencil-cases\/","title":{"rendered":"Estuches Kologs &amp; Dungeon Meshi"},"content":{"rendered":"<p style=\"text-align: center;\"><strong><em>\u2661 Estuches Kologs y Dungeon Meshi de dise\u00f1o propio \u2661<\/em><\/strong><\/p>\n<p>Estos estuches est\u00e1n hechos de tela e ilustrados digitalmente en Procreate <span class=\"emoji\">\ud83d\udc95<\/span><\/p>\n<p>\u00bfEst\u00e1s obsesionade con Zelda o Dungeon Meshi? \u00a1Estos estuches kawaii te est\u00e1n esperando!<\/p>\n<p>Hay 2 tipos de estuches para ambos dise\u00f1os:<br \/>\n\u27a4 Grado A: Perfecto estado.<br \/>\n\u27a4 Grado B: Peque\u00f1as imperfecciones, como acabados de costura o impresi\u00f3n en color. \u00a1Por eso venden con un 25% de descuento!<\/p>\n<p>Material: Tela con cremallera blanca.<br \/>\nTama\u00f1o: 22 x 8 x 6 cm (8.66 x 3.15 x 2.36 pulgadas)<\/p>\n<p>&#8212;&#8212;&#8212;&#8212;&#8212;&#8212;&#8212;&#8212;&#8212;&#8212;&#8212;&#8212;&#8212;-<\/p>\n<p>\ud83d\ude9a ENV\u00cdO R\u00c1PIDO 1-3 D\u00cdAS \ud83d\ude9a<\/p>\n<p>Tiempo estimado de llegada (ver <a href=\"https:\/\/judkaleiart.com\/es\/faq\/\">Informaci\u00f3n de env\u00edo<\/a>):<\/p>\n<p>Espa\u00f1a: 3-5 d\u00edas.<br \/>\nEuropa: 1-2 semanas.<br \/>\nEstados Unidos (y otros): 2-3 semanas.<\/p>\n<p>Ten en cuenta que el tiempo estimado de env\u00edo puede variar debido a la situaci\u00f3n de Covid-19, y que una vez que env\u00ede el pedido por correo ordinario, \u00a1no tengo control sobre \u00e9l! Para un env\u00edo m\u00e1s r\u00e1pido, tambi\u00e9n est\u00e1 disponible el env\u00edo por correo certificado (incluye n\u00famero de seguimiento).<\/p>\n<p>&#8212;&#8212;&#8212;&#8212;&#8212;&#8212;&#8212;&#8212;&#8212;&#8212;&#8212;&#8212;&#8212;-<\/p>\n<p>\ud83c\udf81 \u00a1REGALO! \ud83c\udf81 Cada pedido recibir\u00e1 una pegatina extra al azar de uno de mis dise\u00f1os \ud83d\ude42<\/p>\n<p>Si tienes alguna pregunta, \u00a1no dudes en contactarme!<\/p>\n<p>\u2661 Juds \u2661<\/p>","protected":false},"excerpt":{"rendered":"<p>\u2661 Self-designed Koroks &amp; Dungeon Meshi pencil cases \u2661 These pencil cases are made out of fabric, and illustrated digitally on Procreate! \ud83d\udc95 Are you also obsessed with Zelda or Dungeon Meshi? These cute pencil cases are waiting for you! There are 2 types of pencil cases for both designs: \u27a4 A Grade: Perfect condition. [&hellip;]<\/p>\n","protected":false},"featured_media":1178,"comment_status":"open","ping_status":"closed","template":"","meta":[],"product_brand":[],"product_cat":[76],"product_tag":[],"class_list":{"0":"post-1173","1":"product","2":"type-product","3":"status-publish","4":"has-post-thumbnail","6":"product_cat-pouches","7":"product_shipping_class-small-letter","9":"first","10":"instock","11":"shipping-taxable","12":"purchasable","13":"product-type-variable"},"_links":{"self":[{"href":"https:\/\/judkaleiart.com\/es\/wp-json\/wp\/v2\/product\/1173","targetHints":{"allow":["GET"]}}],"collection":[{"href":"https:\/\/judkaleiart.com\/es\/wp-json\/wp\/v2\/product"}],"about":[{"href":"https:\/\/judkaleiart.com\/es\/wp-json\/wp\/v2\/types\/product"}],"replies":[{"embeddable":true,"href":"https:\/\/judkaleiart.com\/es\/wp-json\/wp\/v2\/comments?post=1173"}],"wp:featuredmedia":[{"embeddable":true,"href":"https:\/\/judkaleiart.com\/es\/wp-json\/wp\/v2\/media\/1178"}],"wp:attachment":[{"href":"https:\/\/judkaleiart.com\/es\/wp-json\/wp\/v2\/media?parent=1173"}],"wp:term":[{"taxonomy":"product_brand","embeddable":true,"href":"https:\/\/judkaleiart.com\/es\/wp-json\/wp\/v2\/product_brand?post=1173"},{"taxonomy":"product_cat","embeddable":true,"href":"https:\/\/judkaleiart.com\/es\/wp-json\/wp\/v2\/product_cat?post=1173"},{"taxonomy":"product_tag","embeddable":true,"href":"https:\/\/judkaleiart.com\/es\/wp-json\/wp\/v2\/product_tag?post=1173"}],"curies":[{"name":"wp","href":"https:\/\/api.w.org\/{rel}","templated":true}]}}