{"id":340,"date":"2022-04-29T20:06:50","date_gmt":"2022-04-29T18:06:50","guid":{"rendered":"https:\/\/judkaleiart.com\/?post_type=product&#038;p=340"},"modified":"2026-03-25T16:58:05","modified_gmt":"2026-03-25T14:58:05","slug":"sailor-moon-cosmic-lovers","status":"publish","type":"product","link":"https:\/\/judkaleiart.com\/es\/producto\/sailor-moon-cosmic-lovers\/","title":{"rendered":"Sailor Moon Cosmic Lovers Enamel Pin | Sailor Urano &amp; Neptuno"},"content":{"rendered":"<p>\u2661 \u00a1Las amantes c\u00f3smicas de Sailor Moon, S. Urano (Haruka) y S. Neptuno (Michiru) en formato pin! \u2661<\/p>\n<p><span class=\"emoji\">\ud83e\ude90\ud83c\udf19 <\/span><span style=\"font-size: 12pt;\">Si amas a Sailor Moon y especialmente a Sailor Urano y Sailor Neptuno, \u00a1este pin es la opci\u00f3n perfecta para ti! <span class=\"emoji\">\ud83c\udf19\ud83e\ude90 <\/span><\/span><\/p>\n<p>Tu colecci\u00f3n de pines se ver\u00e1 incre\u00edble con la llegada de estas dos \"primas\", \u00a1las verdaderas amantes c\u00f3smicas!<\/p>\n<p>Tama\u00f1o y materiales:<br \/>\n\u27a4 50x30mm\/1,97\u00d71,18 pulgadas.<br \/>\n\u27a4 Esmalte Duro<br \/>\n\u27a4 Chapado en oro con fondo purpurina<br \/>\n\u27a4 2 Enganches de goma rosa con forma de coraz\u00f3n en la parte trasera!<\/p>\n<p>Todos los pins vienen con una tarjeta trasera como se muestra en las im\u00e1genes \ud83d\ude0a<\/p>\n<p>&#8212;&#8212;&#8212;&#8212;&#8212;&#8212;&#8212;&#8212;&#8212;&#8212;&#8212;&#8212;&#8212;-<\/p>\n<p>\ud83d\ude9a ENV\u00cdO R\u00c1PIDO 1-3 D\u00cdAS \ud83d\ude9a<\/p>\n<p>Tiempo estimado de llegada (ver <a href=\"https:\/\/judkaleiart.com\/es\/faq\/\">Informaci\u00f3n de env\u00edo<\/a>):<\/p>\n<p>Espa\u00f1a: 3-5 d\u00edas.<br \/>\nEuropa: 1-2 semanas.<br \/>\nEstados Unidos (y otros): 2-3 semanas.<\/p>\n<p>Ten en cuenta que el tiempo estimado de env\u00edo puede variar debido a la situaci\u00f3n de Covid-19, y que una vez que env\u00ede el pedido por correo ordinario, \u00a1no tengo control sobre \u00e9l! Para un env\u00edo m\u00e1s r\u00e1pido, tambi\u00e9n est\u00e1 disponible el env\u00edo por correo certificado (incluye n\u00famero de seguimiento).<\/p>\n<p>&#8212;&#8212;&#8212;&#8212;&#8212;&#8212;&#8212;&#8212;&#8212;&#8212;&#8212;&#8212;&#8212;-<\/p>\n<p>\ud83c\udf81 \u00a1REGALO! \ud83c\udf81 Cada pedido recibir\u00e1 una pegatina extra al azar de uno de mis dise\u00f1os \ud83d\ude42<\/p>\n<p>Si tienes alguna pregunta, \u00a1no dudes en contactarme!<\/p>\n<p>\u2661 Juds \u2661<\/p>","protected":false},"excerpt":{"rendered":"<p>\u2661 Sailor Moon Cosmic Lovers featuring S. Uranus (Haruka) and S. Neptune (Michiru)! \u2661 \ud83e\ude90\ud83c\udf19 If you love Sailor Moon and especially S. Uranus &amp; S. Neptune, this pin is a perfect choice for you! \ud83c\udf19\ud83e\ude90 Your pin collection will look amazing with the addition of these two &#8220;cousins&#8221;, the true cosmic lovers! Size &amp; [&hellip;]<\/p>\n","protected":false},"featured_media":465,"comment_status":"open","ping_status":"closed","template":"","meta":[],"product_brand":[],"product_cat":[39],"product_tag":[],"class_list":{"0":"post-340","1":"product","2":"type-product","3":"status-publish","4":"has-post-thumbnail","6":"product_cat-pins","7":"product_shipping_class-small-letter","9":"first","10":"instock","11":"sale","12":"shipping-taxable","13":"purchasable","14":"product-type-simple"},"_links":{"self":[{"href":"https:\/\/judkaleiart.com\/es\/wp-json\/wp\/v2\/product\/340","targetHints":{"allow":["GET"]}}],"collection":[{"href":"https:\/\/judkaleiart.com\/es\/wp-json\/wp\/v2\/product"}],"about":[{"href":"https:\/\/judkaleiart.com\/es\/wp-json\/wp\/v2\/types\/product"}],"replies":[{"embeddable":true,"href":"https:\/\/judkaleiart.com\/es\/wp-json\/wp\/v2\/comments?post=340"}],"wp:featuredmedia":[{"embeddable":true,"href":"https:\/\/judkaleiart.com\/es\/wp-json\/wp\/v2\/media\/465"}],"wp:attachment":[{"href":"https:\/\/judkaleiart.com\/es\/wp-json\/wp\/v2\/media?parent=340"}],"wp:term":[{"taxonomy":"product_brand","embeddable":true,"href":"https:\/\/judkaleiart.com\/es\/wp-json\/wp\/v2\/product_brand?post=340"},{"taxonomy":"product_cat","embeddable":true,"href":"https:\/\/judkaleiart.com\/es\/wp-json\/wp\/v2\/product_cat?post=340"},{"taxonomy":"product_tag","embeddable":true,"href":"https:\/\/judkaleiart.com\/es\/wp-json\/wp\/v2\/product_tag?post=340"}],"curies":[{"name":"wp","href":"https:\/\/api.w.org\/{rel}","templated":true}]}}