{"id":356,"date":"2022-04-30T10:26:26","date_gmt":"2022-04-30T08:26:26","guid":{"rendered":"https:\/\/judkaleiart.com\/?post_type=product&#038;p=356"},"modified":"2026-03-25T16:56:39","modified_gmt":"2026-03-25T14:56:39","slug":"cardcaptor-sakura-phone-grip-kero-chan","status":"publish","type":"product","link":"https:\/\/judkaleiart.com\/es\/producto\/cardcaptor-sakura-phone-grip-kero-chan\/","title":{"rendered":"Cardcaptor Sakura Phone Grip | Cute Kero Chan"},"content":{"rendered":"<p>\u2661 Self-designed Cardcaptor Sakura Kero Chan phone grip \u2661<\/p>\n<p>\ud83c\udf38<span class=\"emoji\">\ud83e\udd33<\/span> \u00bfEres un verdadero fan de Sakura Cazadora de Cartas? \u00a1Tu tel\u00e9fono se ver\u00e1 incre\u00edble con este lindo agarre de Kero Chan! \u00a1No m\u00e1s tel\u00e9fonos cayendo en tu cara! <span class=\"emoji\">\ud83e\udd33<\/span>\ud83c\udf38<\/p>\n<p>Tama\u00f1o: 50x55mm\/1,9\u00d72,1 pulgadas<br \/>\nMaterial: Acr\u00edlico con una capa base adhesiva.<\/p>\n<p>&#8212;&#8212;&#8212;&#8212;&#8212;&#8212;&#8212;&#8212;&#8212;&#8212;&#8212;&#8212;&#8212;-<\/p>\n<p>\ud83d\ude9a ENV\u00cdO R\u00c1PIDO 1-3 D\u00cdAS \ud83d\ude9a<\/p>\n<p>Tiempo estimado de llegada (ver <a href=\"https:\/\/judkaleiart.com\/es\/faq\/\">Informaci\u00f3n de env\u00edo<\/a>):<\/p>\n<p>Espa\u00f1a: 3-5 d\u00edas.<br \/>\nEuropa: 1-2 semanas.<br \/>\nEstados Unidos (y otros): 2-3 semanas.<\/p>\n<p>Ten en cuenta que el tiempo estimado de env\u00edo puede variar debido a la situaci\u00f3n de Covid-19, y que una vez que env\u00ede el pedido por correo ordinario, \u00a1no tengo control sobre \u00e9l! Para un env\u00edo m\u00e1s r\u00e1pido, tambi\u00e9n est\u00e1 disponible el env\u00edo por correo certificado (incluye n\u00famero de seguimiento).<\/p>\n<p>&#8212;&#8212;&#8212;&#8212;&#8212;&#8212;&#8212;&#8212;&#8212;&#8212;&#8212;&#8212;&#8212;-<\/p>\n<p>\ud83c\udf81 \u00a1REGALO! \ud83c\udf81 Cada pedido recibir\u00e1 una pegatina extra al azar de uno de mis dise\u00f1os \ud83d\ude42<\/p>\n<p>Si tienes alguna pregunta, \u00a1no dudes en contactarme!<\/p>\n<p>\u2661 Juds \u2661<\/p>","protected":false},"excerpt":{"rendered":"<p>\u2661 Self-designed Cardcaptor Sakura Kero Chan phone grip \u2661 \ud83c\udf38\ud83e\udd33 Are you a Cardcaptor Sakura true fan? Your phone will look amazing with this cute Kero Chan grip! No more phone falling in your face! \ud83e\udd33\ud83c\udf38 Size: 50x55mm\/1,9&#215;2,1 inches Material: Acrylic with an adhesive base layer. &#8212;&#8212;&#8212;&#8212;&#8212;&#8212;&#8212;&#8212;&#8212;&#8212;&#8212;&#8212;&#8212;- \ud83d\ude9a 1-3 DAYS FAST SHIPPING \ud83d\ude9a Estimated arrival [&hellip;]<\/p>\n","protected":false},"featured_media":472,"comment_status":"open","ping_status":"closed","template":"","meta":[],"product_brand":[],"product_cat":[46],"product_tag":[],"class_list":{"0":"post-356","1":"product","2":"type-product","3":"status-publish","4":"has-post-thumbnail","6":"product_cat-phone-grips","7":"product_shipping_class-small-letter","9":"first","10":"outofstock","11":"sale","12":"shipping-taxable","13":"purchasable","14":"product-type-simple"},"_links":{"self":[{"href":"https:\/\/judkaleiart.com\/es\/wp-json\/wp\/v2\/product\/356","targetHints":{"allow":["GET"]}}],"collection":[{"href":"https:\/\/judkaleiart.com\/es\/wp-json\/wp\/v2\/product"}],"about":[{"href":"https:\/\/judkaleiart.com\/es\/wp-json\/wp\/v2\/types\/product"}],"replies":[{"embeddable":true,"href":"https:\/\/judkaleiart.com\/es\/wp-json\/wp\/v2\/comments?post=356"}],"wp:featuredmedia":[{"embeddable":true,"href":"https:\/\/judkaleiart.com\/es\/wp-json\/wp\/v2\/media\/472"}],"wp:attachment":[{"href":"https:\/\/judkaleiart.com\/es\/wp-json\/wp\/v2\/media?parent=356"}],"wp:term":[{"taxonomy":"product_brand","embeddable":true,"href":"https:\/\/judkaleiart.com\/es\/wp-json\/wp\/v2\/product_brand?post=356"},{"taxonomy":"product_cat","embeddable":true,"href":"https:\/\/judkaleiart.com\/es\/wp-json\/wp\/v2\/product_cat?post=356"},{"taxonomy":"product_tag","embeddable":true,"href":"https:\/\/judkaleiart.com\/es\/wp-json\/wp\/v2\/product_tag?post=356"}],"curies":[{"name":"wp","href":"https:\/\/api.w.org\/{rel}","templated":true}]}}