{"id":357,"date":"2022-04-30T10:37:09","date_gmt":"2022-04-30T08:37:09","guid":{"rendered":"https:\/\/judkaleiart.com\/?post_type=product&#038;p=357"},"modified":"2026-01-26T12:44:16","modified_gmt":"2026-01-26T10:44:16","slug":"animal-crossing-amiibo","status":"publish","type":"product","link":"https:\/\/judkaleiart.com\/es\/producto\/animal-crossing-amiibo\/","title":{"rendered":"Animal Crossing Monedas Amiibo | ACNH"},"content":{"rendered":"<p>\u2661 \u00a1Monedas Amiibo hechas a mano y de dise\u00f1o propio para los amantes de Animal Crossing! \u2661<\/p>\n<p><span class=\"emoji\">\ud83d\udc6f<\/span><span class=\"emoji\">\ud83c\udf89 <\/span>\u00a1Invita a tus aldeanos favoritos (incluidos los de la Serie 5 y Sanrio) a tu isla con estas lindas monedas Amiibo! <span class=\"emoji\">\ud83c\udf89\ud83d\udc6f<\/span><\/p>\n<p>&#8212;&#8212;&#8212;&#8212;&#8212;&#8212;&#8212;&#8212;&#8212;&#8212;&#8212;&#8212;&#8212;-<\/p>\n<p>\u27a4 IMPORTANTE: al seleccionar, utiliza el cuadro de personalizaci\u00f3n para indicar el nombre de los aldeanos que deseas. (seg\u00fan la cantidad).<\/p>\n<p>\u27a4 \u00a1Funcionamiento 100% probado y confirmado! Estas monedas funcionan como una tarjeta Amiibo oficial.<\/p>\n<p>\u27a4 \u00a1Usa directamente la moneda para invitar a tus aldeanos en el juego!<\/p>\n<p>\u27a4 Puedes elegir a tu aldeano deseado, con m\u00e1s de 400 Amiibo para elegir. \u00a1Los dise\u00f1ar\u00e9 a mi estilo para ti! \u00a1Todas las tarjetas de la serie Amiibo 1-5, la serie Welcome Amiibo y tambi\u00e9n la serie Sanrio est\u00e1n incluidas! \u00a1Los Amiibo de la serie Sanrio tienen un dise\u00f1o especial!<\/p>\n<p>\u27a4 Estas monedas Amiibo se fabrican por encargo. Vienen en un chip NFC de 25 mm (1 pulgada) de di\u00e1metro encerrado en una c\u00e1psula de pl\u00e1stico para monedas. Vienen con un dibujo hecho a mano impreso en el frente y el nombre del aldeano en la parte posterior, \u00a1S\u00faper lindas y hechas a mano!<\/p>\n<p>&#8212;&#8212;&#8212;&#8212;&#8212;&#8212;&#8212;&#8212;&#8212;&#8212;&#8212;&#8212;&#8212;-<\/p>\n<p><span class=\"emoji\">\ud83d\udce6<\/span> Packs de unidades <span class=\"emoji\">\ud83d\udce6:<\/span><\/p>\n<p>\u27a4 Paquete de 10 monedas (15 % de descuento!).<br \/>\n\u27a4 Sanrio Full Pack (Pack de 6 monedas, 15 % de descuento!).<br \/>\n\u27a4 Lucky Bag (paquete de 5 monedas, 15 % de descuento!): Se te enviar\u00e1n algunos de los aldeanos que ya dise\u00f1\u00e9 al azar. \u00a1Esta opci\u00f3n es para l@s m\u00e1s valientes (o indecis@s)! \ud83d\ude09<br \/>\n\u27a4 Pack de 5 monedas (5 % de descuento!).<br \/>\n\u27a4 1 moneda.<\/p>\n<p>\u2753Puedes seleccionar la variante y luego la cantidad de cada uno. Por ejemplo, si quieres comprar 7 monedas, agrega primero un 'Pack de 5 monedas' al carrito, y luego agrega 2 de '1 moneda' extra.<\/p>\n<p>&#8212;&#8212;&#8212;&#8212;&#8212;&#8212;&#8212;&#8212;&#8212;&#8212;&#8212;&#8212;&#8212;-<\/p>\n<p>\ud83d\ude9a ENV\u00cdO R\u00c1PIDO 1-3 D\u00cdAS \ud83d\ude9a<\/p>\n<p>Tiempo estimado de llegada (ver <a href=\"https:\/\/judkaleiart.com\/es\/faq\/\">Informaci\u00f3n de env\u00edo<\/a>):<\/p>\n<p>Espa\u00f1a: 3-5 d\u00edas.<br \/>\nEuropa: 1-2 semanas.<br \/>\nEstados Unidos (y otros): 2-3 semanas.<\/p>\n<p>Ten en cuenta que el tiempo estimado de env\u00edo puede variar debido a la situaci\u00f3n de Covid-19, y que una vez que env\u00ede el pedido por correo ordinario, \u00a1no tengo control sobre \u00e9l! Para un env\u00edo m\u00e1s r\u00e1pido, tambi\u00e9n est\u00e1 disponible el env\u00edo por correo certificado (incluye n\u00famero de seguimiento).<\/p>\n<p>&#8212;&#8212;&#8212;&#8212;&#8212;&#8212;&#8212;&#8212;&#8212;&#8212;&#8212;&#8212;&#8212;-<\/p>\n<p>\ud83c\udf81 \u00a1REGALO! \ud83c\udf81 Cada pedido recibir\u00e1 una pegatina extra al azar de uno de mis dise\u00f1os \ud83d\ude42<\/p>\n<p>Si tienes alguna pregunta, \u00a1no dudes en contactarme!<\/p>\n<p>\u2661 Juds \u2661<\/p>","protected":false},"excerpt":{"rendered":"<p>\u2661 Handmade &amp; self-designed Amiibo Coins for Animal Crossing lovers! \u2661 \ud83d\udc6f\ud83c\udf89 Invite your favorite villagers (including the Series 5 &amp; Sanrio ones) to your island with these cute Amiibo Coins! \ud83c\udf89\ud83d\udc6f &#8212;&#8212;&#8212;&#8212;&#8212;&#8212;&#8212;&#8212;&#8212;&#8212;&#8212;&#8212;&#8212;- \u27a4 IMPORTANT: When selecting, please use the personalization box to indicate the name of the villager(s) you want! (according to your quantity [&hellip;]<\/p>\n","protected":false},"featured_media":484,"comment_status":"open","ping_status":"closed","template":"","meta":[],"product_brand":[],"product_cat":[47],"product_tag":[],"class_list":{"0":"post-357","1":"product","2":"type-product","3":"status-publish","4":"has-post-thumbnail","6":"product_cat-amiibo","7":"product_shipping_class-small-letter","9":"first","10":"instock","11":"shipping-taxable","12":"purchasable","13":"product-type-variable"},"_links":{"self":[{"href":"https:\/\/judkaleiart.com\/es\/wp-json\/wp\/v2\/product\/357","targetHints":{"allow":["GET"]}}],"collection":[{"href":"https:\/\/judkaleiart.com\/es\/wp-json\/wp\/v2\/product"}],"about":[{"href":"https:\/\/judkaleiart.com\/es\/wp-json\/wp\/v2\/types\/product"}],"replies":[{"embeddable":true,"href":"https:\/\/judkaleiart.com\/es\/wp-json\/wp\/v2\/comments?post=357"}],"wp:featuredmedia":[{"embeddable":true,"href":"https:\/\/judkaleiart.com\/es\/wp-json\/wp\/v2\/media\/484"}],"wp:attachment":[{"href":"https:\/\/judkaleiart.com\/es\/wp-json\/wp\/v2\/media?parent=357"}],"wp:term":[{"taxonomy":"product_brand","embeddable":true,"href":"https:\/\/judkaleiart.com\/es\/wp-json\/wp\/v2\/product_brand?post=357"},{"taxonomy":"product_cat","embeddable":true,"href":"https:\/\/judkaleiart.com\/es\/wp-json\/wp\/v2\/product_cat?post=357"},{"taxonomy":"product_tag","embeddable":true,"href":"https:\/\/judkaleiart.com\/es\/wp-json\/wp\/v2\/product_tag?post=357"}],"curies":[{"name":"wp","href":"https:\/\/api.w.org\/{rel}","templated":true}]}}