{"id":369,"date":"2022-04-30T11:05:13","date_gmt":"2022-04-30T09:05:13","guid":{"rendered":"https:\/\/judkaleiart.com\/?post_type=product&#038;p=369"},"modified":"2024-08-27T11:15:51","modified_gmt":"2024-08-27T09:15:51","slug":"tokyo-revengers-print-mikey-draken","status":"publish","type":"product","link":"https:\/\/judkaleiart.com\/es\/producto\/tokyo-revengers-print-mikey-draken\/","title":{"rendered":"Tokyo Revengers L\u00e1mina A5| Draken y Mikey en el Festival Matsuri"},"content":{"rendered":"<p>\u2661 L\u00e1minas Tokyo Revengers de dise\u00f1o propio \u2661<\/p>\n<p>\u00a1Estas impresiones est\u00e1n hechas de papel fotogr\u00e1fico premium, ilustradas digitalmente en Procreate y cortadas a mano por m\u00ed! Se pueden colocar en tu pared, carpeta, casillero o donde quieras. \u00a1Tu colecci\u00f3n de l\u00e1minas anime se ver\u00e1 incre\u00edble con estos estampados! <span class=\"emoji\">\ud83e\udd29<\/span><\/p>\n<p>Hay 3 opciones de impresi\u00f3n disponibles:<br \/>\n\u27a4 Mikey &amp; Draken: Todos sabemos que estos dos personajes tienen un v\u00ednculo realmente especial. Este encantador estampado muestra a Draken kun, que lleva a Mikey dormido y el pez dorado que ganaron despu\u00e9s de una divertida tarde de Matsuri.<br \/>\n\u27a4 Chifuyu &amp; Baji: Esta l\u00e1mina muestra que Chifuyu y Baji tambi\u00e9n disfrutan del Matsuri, donde compraron m\u00e1scaras folkl\u00f3ricas japonesas y, por supuesto, comparten su preciado yakisoba.<br \/>\n\u27a4 2 l\u00e1minas (paquete completo): compra ambas l\u00e1minas y disfruta de un 20 % de descuento.<\/p>\n<p>* Los colores que se muestran pueden diferir un poco debido a las diferentes configuraciones de pantalla.<\/p>\n<p>Tama\u00f1o: A5 (148 x 210 mm | 5-7\/8 x 8-1\/4 pulgadas).<br \/>\nMaterial: Premium Canon Photo Paper Pro Luster (260g\/m2).<\/p>\n<p>&#8212;&#8212;&#8212;&#8212;&#8212;&#8212;&#8212;&#8212;&#8212;&#8212;&#8212;&#8212;&#8212;-<\/p>\n<p>\ud83d\ude9a ENV\u00cdO R\u00c1PIDO 1-3 D\u00cdAS \ud83d\ude9a<\/p>\n<p>Tiempo estimado de llegada (ver <a href=\"https:\/\/judkaleiart.com\/es\/faq\/\">Informaci\u00f3n de env\u00edo<\/a>):<\/p>\n<p>Espa\u00f1a: 3-5 d\u00edas.<br \/>\nEuropa: 1-2 semanas.<br \/>\nEstados Unidos (y otros): 2-3 semanas.<\/p>\n<p>Ten en cuenta que el tiempo estimado de env\u00edo puede variar debido a la situaci\u00f3n de Covid-19, y que una vez que env\u00ede el pedido por correo ordinario, \u00a1no tengo control sobre \u00e9l! Para un env\u00edo m\u00e1s r\u00e1pido, tambi\u00e9n est\u00e1 disponible el env\u00edo por correo certificado (incluye n\u00famero de seguimiento).<\/p>\n<p>&#8212;&#8212;&#8212;&#8212;&#8212;&#8212;&#8212;&#8212;&#8212;&#8212;&#8212;&#8212;&#8212;-<\/p>\n<p>\ud83c\udf81 \u00a1REGALO! \ud83c\udf81 Cada pedido recibir\u00e1 una pegatina extra al azar de uno de mis dise\u00f1os \ud83d\ude42<\/p>\n<p>Si tienes alguna pregunta, \u00a1no dudes en contactarme!<\/p>\n<p>\u2661 Juds \u2661<\/p>","protected":false},"excerpt":{"rendered":"<p>\u2661 Self-designed and home-made Tokyo Revengers cute prints \u2661 These prints are made out of premium photo paper, illustrated digitally on Procreate, and hand-cut by me! Can be displayed on your wall, binder, locker, or wherever you want! Your anime print collection will look amazing with these prints! \ud83e\udd29 There are three Tokyo Revengers print [&hellip;]<\/p>\n","protected":false},"featured_media":546,"comment_status":"open","ping_status":"closed","template":"","meta":[],"product_brand":[],"product_cat":[45],"product_tag":[],"class_list":{"0":"post-369","1":"product","2":"type-product","3":"status-publish","4":"has-post-thumbnail","6":"product_cat-prints","7":"product_shipping_class-small-letter","9":"first","10":"instock","11":"shipping-taxable","12":"purchasable","13":"product-type-variable"},"_links":{"self":[{"href":"https:\/\/judkaleiart.com\/es\/wp-json\/wp\/v2\/product\/369","targetHints":{"allow":["GET"]}}],"collection":[{"href":"https:\/\/judkaleiart.com\/es\/wp-json\/wp\/v2\/product"}],"about":[{"href":"https:\/\/judkaleiart.com\/es\/wp-json\/wp\/v2\/types\/product"}],"replies":[{"embeddable":true,"href":"https:\/\/judkaleiart.com\/es\/wp-json\/wp\/v2\/comments?post=369"}],"wp:featuredmedia":[{"embeddable":true,"href":"https:\/\/judkaleiart.com\/es\/wp-json\/wp\/v2\/media\/546"}],"wp:attachment":[{"href":"https:\/\/judkaleiart.com\/es\/wp-json\/wp\/v2\/media?parent=369"}],"wp:term":[{"taxonomy":"product_brand","embeddable":true,"href":"https:\/\/judkaleiart.com\/es\/wp-json\/wp\/v2\/product_brand?post=369"},{"taxonomy":"product_cat","embeddable":true,"href":"https:\/\/judkaleiart.com\/es\/wp-json\/wp\/v2\/product_cat?post=369"},{"taxonomy":"product_tag","embeddable":true,"href":"https:\/\/judkaleiart.com\/es\/wp-json\/wp\/v2\/product_tag?post=369"}],"curies":[{"name":"wp","href":"https:\/\/api.w.org\/{rel}","templated":true}]}}