{"id":541,"date":"2022-05-16T21:36:01","date_gmt":"2022-05-16T19:36:01","guid":{"rendered":"https:\/\/judkaleiart.com\/?post_type=product&#038;p=541"},"modified":"2025-04-13T11:13:54","modified_gmt":"2025-04-13T09:13:54","slug":"sailor-moon-print-usagi-tsukino-luna","status":"publish","type":"product","link":"https:\/\/judkaleiart.com\/es\/producto\/sailor-moon-print-usagi-tsukino-luna\/","title":{"rendered":"Sailor Moon L\u00e1mina Cuadrada | Usagi Tsukino &amp; Luna"},"content":{"rendered":"<p>\ud83c\udf38 L\u00e1mina de Usagi y Luna de dise\u00f1o propio \ud83c\udf38<\/p>\n<p>\u00a1Estas impresiones est\u00e1n hechas de papel fotogr\u00e1fico premium, ilustradas digitalmente en Procreate y cortadas a mano por m\u00ed! Se pueden colocar en tu pared, carpeta, casillero o donde quieras. \u00a1Tu colecci\u00f3n de l\u00e1minas anime se ver\u00e1 incre\u00edble con estos estampados!<\/p>\n<p>\u27a4 Usagi y Luna redraw: \u00a1Esta escena ic\u00f3nica es perfecta para los amantes del anime de los 90 y las Magical Girls!\ud83e\udd29<\/p>\n<p>* Los colores que se muestran pueden diferir un poco debido a las diferentes configuraciones de pantalla.<\/p>\n<p>Tama\u00f1o: Cuadrado A5 (148 x 148 mm | 5-7\/8 x 5-7\/8 pulg.).<br \/>\nMaterial: Premium Canon Photo Paper Pro Luster (260g\/m2).<\/p>\n<p>&#8212;&#8212;&#8212;&#8212;&#8212;&#8212;&#8212;&#8212;&#8212;&#8212;&#8212;&#8212;&#8212;-<\/p>\n<p>\ud83d\ude9a ENV\u00cdO R\u00c1PIDO 1-3 D\u00cdAS \ud83d\ude9a<\/p>\n<p>Tiempo estimado de llegada (ver <a href=\"https:\/\/judkaleiart.com\/es\/faq\/\">Informaci\u00f3n de env\u00edo<\/a>):<\/p>\n<p>Espa\u00f1a: 3-5 d\u00edas.<br \/>\nEuropa: 1-2 semanas.<br \/>\nEstados Unidos (y otros): 2-3 semanas.<\/p>\n<p>Ten en cuenta que el tiempo estimado de env\u00edo puede variar debido a la situaci\u00f3n de Covid-19, y que una vez que env\u00ede el pedido por correo ordinario, \u00a1no tengo control sobre \u00e9l! Para un env\u00edo m\u00e1s r\u00e1pido, tambi\u00e9n est\u00e1 disponible el env\u00edo por correo certificado (incluye n\u00famero de seguimiento).<\/p>\n<p>&#8212;&#8212;&#8212;&#8212;&#8212;&#8212;&#8212;&#8212;&#8212;&#8212;&#8212;&#8212;&#8212;-<\/p>\n<p>\ud83c\udf81 \u00a1REGALO! \ud83c\udf81 Cada pedido recibir\u00e1 una pegatina extra al azar de uno de mis dise\u00f1os \ud83d\ude42<\/p>\n<p>Si tienes alguna pregunta, \u00a1no dudes en contactarme!<\/p>\n<p>\u2661 Juds \u2661<\/p>","protected":false},"excerpt":{"rendered":"<p>\ud83c\udf38 Self-designed and home-made Sailor Moon print \ud83c\udf38 This print is made out of premium photo paper, illustrated digitally on Procreate, and hand-cut by me! Can be displayed on your wall, binder, locker, or wherever you want! Add this cute print to your anime collection! \u27a4 Usagi and Luna redraw: This iconic scene is perfect [&hellip;]<\/p>\n","protected":false},"featured_media":542,"comment_status":"open","ping_status":"closed","template":"","meta":[],"product_brand":[],"product_cat":[45],"product_tag":[],"class_list":{"0":"post-541","1":"product","2":"type-product","3":"status-publish","4":"has-post-thumbnail","6":"product_cat-prints","7":"product_shipping_class-small-letter","9":"first","10":"instock","11":"shipping-taxable","12":"purchasable","13":"product-type-simple"},"_links":{"self":[{"href":"https:\/\/judkaleiart.com\/es\/wp-json\/wp\/v2\/product\/541","targetHints":{"allow":["GET"]}}],"collection":[{"href":"https:\/\/judkaleiart.com\/es\/wp-json\/wp\/v2\/product"}],"about":[{"href":"https:\/\/judkaleiart.com\/es\/wp-json\/wp\/v2\/types\/product"}],"replies":[{"embeddable":true,"href":"https:\/\/judkaleiart.com\/es\/wp-json\/wp\/v2\/comments?post=541"}],"wp:featuredmedia":[{"embeddable":true,"href":"https:\/\/judkaleiart.com\/es\/wp-json\/wp\/v2\/media\/542"}],"wp:attachment":[{"href":"https:\/\/judkaleiart.com\/es\/wp-json\/wp\/v2\/media?parent=541"}],"wp:term":[{"taxonomy":"product_brand","embeddable":true,"href":"https:\/\/judkaleiart.com\/es\/wp-json\/wp\/v2\/product_brand?post=541"},{"taxonomy":"product_cat","embeddable":true,"href":"https:\/\/judkaleiart.com\/es\/wp-json\/wp\/v2\/product_cat?post=541"},{"taxonomy":"product_tag","embeddable":true,"href":"https:\/\/judkaleiart.com\/es\/wp-json\/wp\/v2\/product_tag?post=541"}],"curies":[{"name":"wp","href":"https:\/\/api.w.org\/{rel}","templated":true}]}}