{"id":579,"date":"2022-06-01T16:26:18","date_gmt":"2022-06-01T14:26:18","guid":{"rendered":"https:\/\/judkaleiart.com\/?post_type=product&#038;p=579"},"modified":"2026-03-03T14:34:52","modified_gmt":"2026-03-03T12:34:52","slug":"tokyo-revengers-charms-heart","status":"publish","type":"product","link":"https:\/\/judkaleiart.com\/es\/producto\/tokyo-revengers-charms-heart\/","title":{"rendered":"Llaveros Tokyo Revengers Coraz\u00f3n | Mikey, Draken, Chifuyu &amp; Baji"},"content":{"rendered":"<p>\u2661 Llaveros Tokyo Revengers de dise\u00f1o propio \u2661<\/p>\n<p>\ud83d\udc96\u26d3\ufe0f \u00a1Las llaves de tu coche o de tu casa se ver\u00e1n incre\u00edblemente bonitas con estos llaveros de la Tokyo Manji Gang! \u26d3\ufe0f\ud83d\udc96<\/p>\n<p>\u00a1Hechos de acr\u00edlico s\u00f3lido pastel! Con forma de coraz\u00f3n, nuestros personajes favoritos de Tokyo Revengers brillan junto a sus nombres japoneses, \u00a1y rodeados de cadenas!<br \/>\n\u27a4 Gancho negro elegante<br \/>\n\u27a4 Ilustrados digitalmente en Procreate<\/p>\n<p>Personajes:<br \/>\n\u27a4 Mikey (SOLD OUT)<br \/>\n\u27a4 Draken (SOLD OUT)<br \/>\n\u27a4 Chifuyu (SOLD OUT)<br \/>\n\u27a4 Baji (SOLD OUT)<\/p>\n<p>\ud83d\udd25 \u00a1Tambi\u00e9n se pueden vender en FULL PACK con descuentos especiales (20% descuento)! \ud83d\udd25<\/p>\n<p>Tama\u00f1o: 6.35cm (2.5\u2033).<br \/>\nMaterial: Acr\u00edlico.<\/p>\n<p>&#8212;&#8212;&#8212;&#8212;&#8212;&#8212;&#8212;&#8212;&#8212;&#8212;&#8212;&#8212;&#8212;-<\/p>\n<p>\ud83d\ude9a ENV\u00cdO R\u00c1PIDO 1-3 D\u00cdAS \ud83d\ude9a<\/p>\n<p>Tiempo estimado de llegada (ver <a href=\"https:\/\/judkaleiart.com\/es\/faq\/\">Informaci\u00f3n de env\u00edo<\/a>):<\/p>\n<p>Espa\u00f1a: 3-5 d\u00edas.<br \/>\nEuropa: 1-2 semanas.<br \/>\nEstados Unidos (y otros): 2-3 semanas.<\/p>\n<p>Ten en cuenta que el tiempo estimado de env\u00edo puede variar debido a la situaci\u00f3n de Covid-19, y que una vez que env\u00ede el pedido por correo ordinario, \u00a1no tengo control sobre \u00e9l! Para un env\u00edo m\u00e1s r\u00e1pido, tambi\u00e9n est\u00e1 disponible el env\u00edo por correo certificado (incluye n\u00famero de seguimiento).<\/p>\n<p>&#8212;&#8212;&#8212;&#8212;&#8212;&#8212;&#8212;&#8212;&#8212;&#8212;&#8212;&#8212;&#8212;-<\/p>\n<p>\ud83c\udf81 \u00a1REGALO! \ud83c\udf81 Cada pedido recibir\u00e1 una pegatina extra al azar de uno de mis dise\u00f1os \ud83d\ude42<\/p>\n<p>Si tienes alguna pregunta, \u00a1no dudes en contactarme!<\/p>\n<p>\u2661 Juds \u2661<\/p>","protected":false},"excerpt":{"rendered":"<p>\u2661 Self-designed Tokyo Revengers charms \u2661 \ud83d\udc96\u26d3\ufe0f Your car or home keys will look amazingly cute with these Tokyo Manji Gang charms! \u26d3\ufe0f\ud83d\udc96 Made out of pastel pink acrylic! Heart-shaped, our favorite Tokyo Revengers characters shine with their Japanese names, surrounded by chains! \u27a4 Elegant black hook \u27a4 Illustrated digitally on Procreate! Featuring: \u27a4 Mikey [&hellip;]<\/p>\n","protected":false},"featured_media":599,"comment_status":"open","ping_status":"closed","template":"","meta":[],"product_brand":[],"product_cat":[35],"product_tag":[66,74,73,72,71,70,69,68,67,58,65,64,63,62,61,60,59],"class_list":{"0":"post-579","1":"product","2":"type-product","3":"status-publish","4":"has-post-thumbnail","6":"product_cat-charms","7":"product_tag-toman","8":"product_tag-llaveros-corazon","9":"product_tag-tokyo-revengers-llaveros","10":"product_tag-heart-charms","11":"product_tag-a5-print","12":"product_tag-manjiro-sano","13":"product_tag-mikey","14":"product_tag-ken-ryuguji","15":"product_tag-draken-kun","16":"product_tag-tokyo-revengers","17":"product_tag-keisuke-baji","18":"product_tag-chifuyu-matsuno","19":"product_tag-tokyo-manji-gang","20":"product_tag-tokyo-revengers-print","21":"product_tag-matsuri-festival","22":"product_tag-baji","23":"product_tag-chifuyu","24":"product_shipping_class-small-letter","26":"first","27":"outofstock","28":"shipping-taxable","29":"purchasable","30":"product-type-variable"},"_links":{"self":[{"href":"https:\/\/judkaleiart.com\/es\/wp-json\/wp\/v2\/product\/579","targetHints":{"allow":["GET"]}}],"collection":[{"href":"https:\/\/judkaleiart.com\/es\/wp-json\/wp\/v2\/product"}],"about":[{"href":"https:\/\/judkaleiart.com\/es\/wp-json\/wp\/v2\/types\/product"}],"replies":[{"embeddable":true,"href":"https:\/\/judkaleiart.com\/es\/wp-json\/wp\/v2\/comments?post=579"}],"wp:featuredmedia":[{"embeddable":true,"href":"https:\/\/judkaleiart.com\/es\/wp-json\/wp\/v2\/media\/599"}],"wp:attachment":[{"href":"https:\/\/judkaleiart.com\/es\/wp-json\/wp\/v2\/media?parent=579"}],"wp:term":[{"taxonomy":"product_brand","embeddable":true,"href":"https:\/\/judkaleiart.com\/es\/wp-json\/wp\/v2\/product_brand?post=579"},{"taxonomy":"product_cat","embeddable":true,"href":"https:\/\/judkaleiart.com\/es\/wp-json\/wp\/v2\/product_cat?post=579"},{"taxonomy":"product_tag","embeddable":true,"href":"https:\/\/judkaleiart.com\/es\/wp-json\/wp\/v2\/product_tag?post=579"}],"curies":[{"name":"wp","href":"https:\/\/api.w.org\/{rel}","templated":true}]}}