{"id":613,"date":"2022-06-29T11:00:25","date_gmt":"2022-06-29T09:00:25","guid":{"rendered":"https:\/\/judkaleiart.com\/?post_type=product&#038;p=613"},"modified":"2024-08-27T11:09:30","modified_gmt":"2024-08-27T09:09:30","slug":"spirited-away-tote-bag-chihiro-handbag","status":"publish","type":"product","link":"https:\/\/judkaleiart.com\/es\/producto\/spirited-away-tote-bag-chihiro-handbag\/","title":{"rendered":"El Viaje de Chihiro Tote Bag | Bolsa Chihiro"},"content":{"rendered":"<p>\u2661 \u00a1Tote bag de dise\u00f1o propio El Viaje de Chihiro, con Chihiro en la primera escena de la pel\u00edcula! \u2661<\/p>\n<p><span class=\"emoji\">\ud83d\ude0a<\/span><span class=\"emoji\" style=\"font-size: 12pt;\">\ud83d\ude3b \u00bfEres fan de Studio Ghibli<\/span>? Haz que tus outfits se vean incre\u00edbles con esta tote bag! \u2661 <span class=\"emoji\">\ud83d\ude3b<\/span><span class=\"emoji\">\ud83d\ude0a<\/span><\/p>\n<p>Tecnolog\u00eda de impresi\u00f3n: Impresi\u00f3n digital.<br \/>\nTama\u00f1o: 42\u00d738 cm aprox. Material: 100% Algod\u00f3n.<\/p>\n<p>&#8212;&#8212;&#8212;&#8212;&#8212;&#8212;&#8212;&#8212;&#8212;&#8212;&#8212;&#8212;&#8212;-<\/p>\n<p>\ud83d\ude9a ENV\u00cdO R\u00c1PIDO 1-3 D\u00cdAS \ud83d\ude9a<\/p>\n<p>Tiempo estimado de llegada (ver <a href=\"https:\/\/judkaleiart.com\/es\/faq\/\">Informaci\u00f3n de env\u00edo<\/a>):<\/p>\n<p>Espa\u00f1a: 3-5 d\u00edas.<br \/>\nEuropa: 1-2 semanas.<br \/>\nEstados Unidos (y otros): 2-3 semanas.<\/p>\n<p>Ten en cuenta que el tiempo estimado de env\u00edo puede variar debido a la situaci\u00f3n de Covid-19, y que una vez que env\u00ede el pedido por correo ordinario, \u00a1no tengo control sobre \u00e9l! Para un env\u00edo m\u00e1s r\u00e1pido, tambi\u00e9n est\u00e1 disponible el env\u00edo por correo certificado (incluye n\u00famero de seguimiento).<\/p>\n<p>&#8212;&#8212;&#8212;&#8212;&#8212;&#8212;&#8212;&#8212;&#8212;&#8212;&#8212;&#8212;&#8212;-<\/p>\n<p>\ud83c\udf81 \u00a1REGALO! \ud83c\udf81 Cada pedido recibir\u00e1 una pegatina extra al azar de uno de mis dise\u00f1os \ud83d\ude42<\/p>\n<p>Si tienes alguna pregunta, \u00a1no dudes en contactarme!<\/p>\n<p>\u2661 Juds \u2661<\/p>","protected":false},"excerpt":{"rendered":"<p>\u2661 Self-designed Spirited Away tote bag featuring Chihiro in the first scene of the movie! \u2661 \ud83d\ude0a\ud83d\ude3b Are you a Studio Ghibli fan? Make your outfits look amazing with this tote bag! \u2661 \ud83d\ude3b\ud83d\ude0a Printing technique: Digital printing. Size: 42&#215;38 cm approx. Material: 100% Cotton. &#8212;&#8212;&#8212;&#8212;&#8212;&#8212;&#8212;&#8212;&#8212;&#8212;&#8212;&#8212;&#8212;- \ud83d\ude9a 1-3 DAYS FAST SHIPPING \ud83d\ude9a Estimated arrival times [&hellip;]<\/p>\n","protected":false},"featured_media":630,"comment_status":"open","ping_status":"closed","template":"","meta":[],"product_brand":[],"product_cat":[42],"product_tag":[],"class_list":{"0":"post-613","1":"product","2":"type-product","3":"status-publish","4":"has-post-thumbnail","6":"product_cat-tote-bags","7":"product_shipping_class-letter","9":"first","10":"instock","11":"shipping-taxable","12":"purchasable","13":"product-type-simple"},"_links":{"self":[{"href":"https:\/\/judkaleiart.com\/es\/wp-json\/wp\/v2\/product\/613","targetHints":{"allow":["GET"]}}],"collection":[{"href":"https:\/\/judkaleiart.com\/es\/wp-json\/wp\/v2\/product"}],"about":[{"href":"https:\/\/judkaleiart.com\/es\/wp-json\/wp\/v2\/types\/product"}],"replies":[{"embeddable":true,"href":"https:\/\/judkaleiart.com\/es\/wp-json\/wp\/v2\/comments?post=613"}],"wp:featuredmedia":[{"embeddable":true,"href":"https:\/\/judkaleiart.com\/es\/wp-json\/wp\/v2\/media\/630"}],"wp:attachment":[{"href":"https:\/\/judkaleiart.com\/es\/wp-json\/wp\/v2\/media?parent=613"}],"wp:term":[{"taxonomy":"product_brand","embeddable":true,"href":"https:\/\/judkaleiart.com\/es\/wp-json\/wp\/v2\/product_brand?post=613"},{"taxonomy":"product_cat","embeddable":true,"href":"https:\/\/judkaleiart.com\/es\/wp-json\/wp\/v2\/product_cat?post=613"},{"taxonomy":"product_tag","embeddable":true,"href":"https:\/\/judkaleiart.com\/es\/wp-json\/wp\/v2\/product_tag?post=613"}],"curies":[{"name":"wp","href":"https:\/\/api.w.org\/{rel}","templated":true}]}}