{"id":621,"date":"2022-06-29T12:13:59","date_gmt":"2022-06-29T10:13:59","guid":{"rendered":"https:\/\/judkaleiart.com\/?post_type=product&#038;p=621"},"modified":"2026-05-08T00:56:12","modified_gmt":"2026-05-07T22:56:12","slug":"spy-family-phone-grips-anya-excited-meme","status":"publish","type":"product","link":"https:\/\/judkaleiart.com\/es\/producto\/spy-family-phone-grips-anya-excited-meme\/","title":{"rendered":"Spy x Family Phone Grips | Excited and Meme Anya Forger"},"content":{"rendered":"<p>\u2661 Self-designed Anya Forger phone grips \u2661<\/p>\n<div class=\"content\">\n<article><span class=\"emoji\">\ud83d\udc96<\/span><span class=\"emoji\">\ud83e\udd5c<\/span> Anya Forger has stolen our hearts, hasn&#8217;t she? Your phone will look amazing with these cute phone grips! No more phone falling on your face! <span class=\"emoji\">\ud83e\udd5c\ud83d\udc96<\/span><\/article>\n<article><\/article>\n<\/div>\n<p>Tama\u00f1o: 60mm\/2,4 inches<br \/>\nMaterial: Acr\u00edlico con base adhesiva (3M).<\/p>\n<p>Personajes:<br \/>\n\u27a4 Anya Emocionada: Cute Anya Forger! <span class=\"emoji\">\ud83e\udd29<\/span><br \/>\n\u27a4 Anya Meme: La cara que nos deja sin palabras <span class=\"emoji\">\ud83d\ude0f<\/span><\/p>\n<p>&#8212;&#8212;&#8212;&#8212;&#8212;&#8212;&#8212;&#8212;&#8212;&#8212;&#8212;&#8212;&#8212;-<\/p>\n<p>\ud83d\ude9a ENV\u00cdO R\u00c1PIDO 1-3 D\u00cdAS \ud83d\ude9a<\/p>\n<p>Tiempo estimado de llegada (ver <a href=\"https:\/\/judkaleiart.com\/es\/faq\/\">Informaci\u00f3n de env\u00edo<\/a>):<\/p>\n<p>Espa\u00f1a: 3-5 d\u00edas.<br \/>\nEuropa: 1-2 semanas.<br \/>\nEstados Unidos (y otros): 2-3 semanas.<\/p>\n<p>Ten en cuenta que el tiempo estimado de env\u00edo puede variar debido a la situaci\u00f3n de Covid-19, y que una vez que env\u00ede el pedido por correo ordinario, \u00a1no tengo control sobre \u00e9l! Para un env\u00edo m\u00e1s r\u00e1pido, tambi\u00e9n est\u00e1 disponible el env\u00edo por correo certificado (incluye n\u00famero de seguimiento).<\/p>\n<p>&#8212;&#8212;&#8212;&#8212;&#8212;&#8212;&#8212;&#8212;&#8212;&#8212;&#8212;&#8212;&#8212;-<\/p>\n<p>\ud83c\udf81 \u00a1REGALO! \ud83c\udf81 Cada pedido recibir\u00e1 una pegatina extra al azar de uno de mis dise\u00f1os \ud83d\ude42<\/p>\n<p>Si tienes alguna pregunta, \u00a1no dudes en contactarme!<\/p>\n<p>\u2661 Juds \u2661<\/p>","protected":false},"excerpt":{"rendered":"<p>\u2661 Self-designed Anya Forger phone grips \u2661 \ud83d\udc96\ud83e\udd5c Anya Forger has stolen our hearts, hasn&#8217;t she? Your phone will look amazing with these cute phone grips! No more phone falling on your face! \ud83e\udd5c\ud83d\udc96 Size: 60mm\/2,4 inches Material: Acrylic with an adhesive base layer (3M). Featuring: \u27a4 Excited Anya: Cute and excited Anya Forger! \ud83e\udd29 [&hellip;]<\/p>\n","protected":false},"featured_media":645,"comment_status":"open","ping_status":"closed","template":"","meta":[],"product_brand":[],"product_cat":[46],"product_tag":[],"class_list":{"0":"post-621","1":"product","2":"type-product","3":"status-publish","4":"has-post-thumbnail","6":"product_cat-phone-grips","7":"product_shipping_class-small-letter","9":"first","10":"instock","11":"shipping-taxable","12":"purchasable","13":"product-type-variable"},"_links":{"self":[{"href":"https:\/\/judkaleiart.com\/es\/wp-json\/wp\/v2\/product\/621","targetHints":{"allow":["GET"]}}],"collection":[{"href":"https:\/\/judkaleiart.com\/es\/wp-json\/wp\/v2\/product"}],"about":[{"href":"https:\/\/judkaleiart.com\/es\/wp-json\/wp\/v2\/types\/product"}],"replies":[{"embeddable":true,"href":"https:\/\/judkaleiart.com\/es\/wp-json\/wp\/v2\/comments?post=621"}],"wp:featuredmedia":[{"embeddable":true,"href":"https:\/\/judkaleiart.com\/es\/wp-json\/wp\/v2\/media\/645"}],"wp:attachment":[{"href":"https:\/\/judkaleiart.com\/es\/wp-json\/wp\/v2\/media?parent=621"}],"wp:term":[{"taxonomy":"product_brand","embeddable":true,"href":"https:\/\/judkaleiart.com\/es\/wp-json\/wp\/v2\/product_brand?post=621"},{"taxonomy":"product_cat","embeddable":true,"href":"https:\/\/judkaleiart.com\/es\/wp-json\/wp\/v2\/product_cat?post=621"},{"taxonomy":"product_tag","embeddable":true,"href":"https:\/\/judkaleiart.com\/es\/wp-json\/wp\/v2\/product_tag?post=621"}],"curies":[{"name":"wp","href":"https:\/\/api.w.org\/{rel}","templated":true}]}}