{"id":625,"date":"2022-06-29T14:23:18","date_gmt":"2022-06-29T12:23:18","guid":{"rendered":"https:\/\/judkaleiart.com\/?post_type=product&#038;p=625"},"modified":"2026-03-03T14:35:39","modified_gmt":"2026-03-03T12:35:39","slug":"spy-x-family-double-personality-charms","status":"publish","type":"product","link":"https:\/\/judkaleiart.com\/es\/producto\/spy-x-family-double-personality-charms\/","title":{"rendered":"Spy x Family Llaveros Doble Personalidad | Anya Emocionada\/Meme, Yor Mujer\/Asesina, Loid Marido\/Esp\u00eda"},"content":{"rendered":"<p>\u2661 Llaveros Spy x Family de dise\u00f1o propio \u2661<\/p>\n<div class=\"content\">\n<article><span class=\"emoji\">\ud83d\udc96<\/span><span class=\"emoji\">\ud83e\udd5c<\/span> Anya Forger nos ha robado el coraz\u00f3n, \u00bfverdad? \u00a1Las llaves de tu casa o coche se ver\u00e1n preciosas con estos amuletos de doble personalidad! <span class=\"emoji\">\ud83e\udd5c\ud83d\udc96<\/span><\/article>\n<p>&#8212;&#8212;&#8212;&#8212;&#8212;&#8212;&#8212;&#8212;&#8212;&#8212;&#8212;&#8212;&#8212;-<\/p>\n<p>\u00a1Hecho de acr\u00edlico! \u00a1Nuestros personajes favoritos de Spy x Family brillan con su doble vida ilustrada en estos llaveros!<br \/>\n\u27a4 Enganche p\u00farpura<br \/>\n\u27a4 Ilustrados digitalmente en Procreate<\/p>\n<div class=\"content\"><\/div>\n<p>Tama\u00f1o: 50mm\/2 inches<br \/>\nMaterial: Double-sided acrylic.<\/p>\n<p>Personajes:<br \/>\n\u27a4 Anya Emocionada\/Meme: Su lado cute (\u00a1y <span class=\"tag_e\"><span class=\"tag_t\">p\u00edcaro!<\/span><\/span>) <span class=\"emoji\">\ud83e\udd29<\/span><br \/>\n\u27a4 Yor Mujer\/Asesina: Su lado bonito (\u00a1y <span class=\"tag_e\"><span class=\"tag_t\">escalofriante!<\/span><\/span>)<span class=\"emoji\">\ud83d\udc80<\/span><br \/>\n\u27a4 Loid Marido\/Esp\u00eda: Su lado amable (\u00a1y <span class=\"tag_e\"><span class=\"tag_t\">sigiloso!<\/span><\/span>) <span class=\"emoji\">\ud83d\udd75\ufe0f<\/span><br \/>\n\u27a4\u00a1Tambi\u00e9n se pueden comprar en PACK COMPLETO con descuentos especiales (-15%)!<\/p>\n<p>&#8212;&#8212;&#8212;&#8212;&#8212;&#8212;&#8212;&#8212;&#8212;&#8212;&#8212;&#8212;&#8212;-<\/p>\n<p>\ud83d\ude9a ENV\u00cdO R\u00c1PIDO 1-3 D\u00cdAS \ud83d\ude9a<\/p>\n<p>Tiempo estimado de llegada (ver <a href=\"https:\/\/judkaleiart.com\/es\/faq\/\">Informaci\u00f3n de env\u00edo<\/a>):<\/p>\n<p>Espa\u00f1a: 3-5 d\u00edas.<br \/>\nEuropa: 1-2 semanas.<br \/>\nEstados Unidos (y otros): 2-3 semanas.<\/p>\n<p>Ten en cuenta que el tiempo estimado de env\u00edo puede variar debido a la situaci\u00f3n de Covid-19, y que una vez que env\u00ede el pedido por correo ordinario, \u00a1no tengo control sobre \u00e9l! Para un env\u00edo m\u00e1s r\u00e1pido, tambi\u00e9n est\u00e1 disponible el env\u00edo por correo certificado (incluye n\u00famero de seguimiento).<\/p>\n<p>&#8212;&#8212;&#8212;&#8212;&#8212;&#8212;&#8212;&#8212;&#8212;&#8212;&#8212;&#8212;&#8212;-<\/p>\n<p>\ud83c\udf81 \u00a1REGALO! \ud83c\udf81 Cada pedido recibir\u00e1 una pegatina extra al azar de uno de mis dise\u00f1os \ud83d\ude42<\/p>\n<p>Si tienes alguna pregunta, \u00a1no dudes en contactarme!<\/p>\n<p>\u2661 Juds \u2661<\/p>\n<\/div>","protected":false},"excerpt":{"rendered":"<p>\u2661 Self-designed Spy x Family charms \u2661 \ud83d\udc96\ud83e\udd5c Anya Forger has stolen our hearts, hasn&#8217;t she? Your car or home keys will look amazingly cute with these double personality charms! \ud83e\udd5c\ud83d\udc96 &#8212;&#8212;&#8212;&#8212;&#8212;&#8212;&#8212;&#8212;&#8212;&#8212;&#8212;&#8212;&#8212;- Made out of acrylic! Our favorite Spy x Family characters shine with their double life illustrated on these charms! \u27a4 Purple string \u27a4 [&hellip;]<\/p>\n","protected":false},"featured_media":658,"comment_status":"open","ping_status":"closed","template":"","meta":[],"product_brand":[],"product_cat":[35],"product_tag":[],"class_list":{"0":"post-625","1":"product","2":"type-product","3":"status-publish","4":"has-post-thumbnail","6":"product_cat-charms","7":"product_shipping_class-small-letter","9":"first","10":"instock","11":"shipping-taxable","12":"purchasable","13":"product-type-variable"},"_links":{"self":[{"href":"https:\/\/judkaleiart.com\/es\/wp-json\/wp\/v2\/product\/625","targetHints":{"allow":["GET"]}}],"collection":[{"href":"https:\/\/judkaleiart.com\/es\/wp-json\/wp\/v2\/product"}],"about":[{"href":"https:\/\/judkaleiart.com\/es\/wp-json\/wp\/v2\/types\/product"}],"replies":[{"embeddable":true,"href":"https:\/\/judkaleiart.com\/es\/wp-json\/wp\/v2\/comments?post=625"}],"wp:featuredmedia":[{"embeddable":true,"href":"https:\/\/judkaleiart.com\/es\/wp-json\/wp\/v2\/media\/658"}],"wp:attachment":[{"href":"https:\/\/judkaleiart.com\/es\/wp-json\/wp\/v2\/media?parent=625"}],"wp:term":[{"taxonomy":"product_brand","embeddable":true,"href":"https:\/\/judkaleiart.com\/es\/wp-json\/wp\/v2\/product_brand?post=625"},{"taxonomy":"product_cat","embeddable":true,"href":"https:\/\/judkaleiart.com\/es\/wp-json\/wp\/v2\/product_cat?post=625"},{"taxonomy":"product_tag","embeddable":true,"href":"https:\/\/judkaleiart.com\/es\/wp-json\/wp\/v2\/product_tag?post=625"}],"curies":[{"name":"wp","href":"https:\/\/api.w.org\/{rel}","templated":true}]}}