{"id":686,"date":"2022-08-31T09:43:49","date_gmt":"2022-08-31T07:43:49","guid":{"rendered":"https:\/\/judkaleiart.com\/?post_type=product&#038;p=686"},"modified":"2026-03-03T14:41:04","modified_gmt":"2026-03-03T12:41:04","slug":"kimetsu-phone-grips","status":"publish","type":"product","link":"https:\/\/judkaleiart.com\/es\/producto\/kimetsu-phone-grips\/","title":{"rendered":"Kimetsu no Yaiba Phone Grips | Tanjiro, Nezuko, Zenitsu &#038; Inosuke"},"content":{"rendered":"<p style=\"text-align: center;\"><strong><em>\u2661 Self-designed Kimetsu no Yaiba phone grips \u2661<\/em><\/strong><\/p>\n<p style=\"text-align: center;\">\ud83d\udc79\ud83d\uddfb Are you waiting for Season 3 release? Get ready for it with these cute phone grips featuring the main characters \ud83d\uddfb\ud83d\udc79<br \/>\n\ud83c\udf8e \u00a1Todos los dise\u00f1os vienen con un patr\u00f3n cute de kimono de estilo japon\u00e9s, basado en cada personaje! \ud83c\udf8e<\/p>\n<p>Tama\u00f1o: 6cm\/2,4 pulgadas<br \/>\nMaterial: Acr\u00edlico con base adhesiva (3M).<\/p>\n<p>Personajes:<br \/>\n\u27a4 Tanjiro Kamado: Su lado m\u00e1s cute <span class=\"emoji\">\ud83e\udd29<\/span><br \/>\n\u27a4 Nezuko Kamado: Siempre ayudando a su hermano \ud83e\udd7a<br \/>\n\u27a4 Zenitsu Agatsuma: No puede esconder su amor por Nezuko \ud83d\udc96<br \/>\n\u27a4 Inosuke Hashibira: Su \u00fanico placer: disfrutar de una buena comida! \ud83c\udf59\ud83c\udf5c<\/p>\n<p>\ud83c\udff7\ufe0f \u00a1Se pueden comprar como packs de dise\u00f1o y disfrutar de buenos descuentos! \ud83c\udff7\ufe0f<br \/>\n\u27a4 \u2328\ufe0f Escribe el dise\u00f1o o dise\u00f1os deseados en la cajita de texto (no es necesario para la opci\u00f3n de Full Pack).<\/p>\n<p>&#8212;&#8212;&#8212;&#8212;&#8212;&#8212;&#8212;&#8212;&#8212;&#8212;&#8212;&#8212;&#8212;-<\/p>\n<p>\ud83d\ude9a ENV\u00cdO R\u00c1PIDO 1-3 D\u00cdAS \ud83d\ude9a<\/p>\n<p>Tiempo estimado de llegada (ver <a href=\"https:\/\/judkaleiart.com\/es\/faq\/\">Informaci\u00f3n de env\u00edo<\/a>):<\/p>\n<p>Espa\u00f1a: 3-5 d\u00edas.<br \/>\nEuropa: 1-2 semanas.<br \/>\nEstados Unidos (y otros): 2-3 semanas.<\/p>\n<p>Ten en cuenta que el tiempo estimado de env\u00edo puede variar debido a la situaci\u00f3n de Covid-19, y que una vez que env\u00ede el pedido por correo ordinario, \u00a1no tengo control sobre \u00e9l! Para un env\u00edo m\u00e1s r\u00e1pido, tambi\u00e9n est\u00e1 disponible el env\u00edo por correo certificado (incluye n\u00famero de seguimiento).<\/p>\n<p>&#8212;&#8212;&#8212;&#8212;&#8212;&#8212;&#8212;&#8212;&#8212;&#8212;&#8212;&#8212;&#8212;-<\/p>\n<p>\ud83c\udf81 \u00a1REGALO! \ud83c\udf81 Cada pedido recibir\u00e1 una pegatina extra al azar de uno de mis dise\u00f1os \ud83d\ude42<\/p>\n<p>Si tienes alguna pregunta, \u00a1no dudes en contactarme!<\/p>\n<p>\u2661 Juds \u2661<\/p>","protected":false},"excerpt":{"rendered":"<p>\u2661 Self-designed Kimetsu no Yaiba phone grips \u2661 \ud83d\udc79\ud83d\uddfb Are you waiting for Season 3 release? Get ready for it with these cute phone grips featuring the main characters \ud83d\uddfb\ud83d\udc79 \ud83c\udf8e All the designs come with a cute Japanese-style kimono pattern, based on each character! \ud83c\udf8e Size: 6cm\/2,4 inches Material: Acrylic with an adhesive base [&hellip;]<\/p>\n","protected":false},"featured_media":706,"comment_status":"open","ping_status":"closed","template":"","meta":[],"product_brand":[],"product_cat":[46],"product_tag":[],"class_list":{"0":"post-686","1":"product","2":"type-product","3":"status-publish","4":"has-post-thumbnail","6":"product_cat-phone-grips","7":"product_shipping_class-small-letter","9":"first","10":"instock","11":"shipping-taxable","12":"purchasable","13":"product-type-variable"},"_links":{"self":[{"href":"https:\/\/judkaleiart.com\/es\/wp-json\/wp\/v2\/product\/686","targetHints":{"allow":["GET"]}}],"collection":[{"href":"https:\/\/judkaleiart.com\/es\/wp-json\/wp\/v2\/product"}],"about":[{"href":"https:\/\/judkaleiart.com\/es\/wp-json\/wp\/v2\/types\/product"}],"replies":[{"embeddable":true,"href":"https:\/\/judkaleiart.com\/es\/wp-json\/wp\/v2\/comments?post=686"}],"wp:featuredmedia":[{"embeddable":true,"href":"https:\/\/judkaleiart.com\/es\/wp-json\/wp\/v2\/media\/706"}],"wp:attachment":[{"href":"https:\/\/judkaleiart.com\/es\/wp-json\/wp\/v2\/media?parent=686"}],"wp:term":[{"taxonomy":"product_brand","embeddable":true,"href":"https:\/\/judkaleiart.com\/es\/wp-json\/wp\/v2\/product_brand?post=686"},{"taxonomy":"product_cat","embeddable":true,"href":"https:\/\/judkaleiart.com\/es\/wp-json\/wp\/v2\/product_cat?post=686"},{"taxonomy":"product_tag","embeddable":true,"href":"https:\/\/judkaleiart.com\/es\/wp-json\/wp\/v2\/product_tag?post=686"}],"curies":[{"name":"wp","href":"https:\/\/api.w.org\/{rel}","templated":true}]}}