{"id":741,"date":"2022-12-06T20:23:21","date_gmt":"2022-12-06T18:23:21","guid":{"rendered":"https:\/\/judkaleiart.com\/?post_type=product&#038;p=741"},"modified":"2025-09-29T11:07:33","modified_gmt":"2025-09-29T09:07:33","slug":"sailor-moon-tote-bag-usagi-handbag","status":"publish","type":"product","link":"https:\/\/judkaleiart.com\/es\/producto\/sailor-moon-tote-bag-usagi-handbag\/","title":{"rendered":"Sailor Moon Tote Bag | Bolsa Usagi"},"content":{"rendered":"<p>\u2661 \u00a1Tote bag de Sailor Moon de dise\u00f1o propio! \u2661<\/p>\n<p><span class=\"emoji\">\ud83d\ude0a<\/span><span class=\"emoji\" style=\"font-size: 12pt;\">\ud83d\ude3b <\/span>Serigraf\u00eda a dos colores (rosa y negro) en tela rosa pastel para conseguir un incre\u00edble look de est\u00e9tica anime kawaii de los 90. Es ideal para llevar en la mano o al hombro. \u00a1Con este bolso te sumergir\u00e1s en el universo de Sailor Moon! <span class=\"emoji\">\ud83d\ude3b<\/span><span class=\"emoji\">\ud83d\ude0a<\/span><\/p>\n<p>\u27a4 Tama\u00f1o: 38\u00d742 cm \/ 15\u00d717 in. approx.<br \/>\n\u27a4 Material: 100% Algod\u00f3n 140 g\/m\u00b2.<br \/>\n\u27a4 Asas: Tama\u00f1o medio (67 cm \/ 26 in.).<br \/>\n\u27a4 Capacidad: 10 litros.<\/p>\n<p>&#8212;&#8212;&#8212;&#8212;&#8212;&#8212;&#8212;&#8212;&#8212;&#8212;&#8212;&#8212;&#8212;-<\/p>\n<p>\ud83d\ude9a ENV\u00cdO R\u00c1PIDO 1-3 D\u00cdAS \ud83d\ude9a<\/p>\n<p>Tiempo estimado de llegada (ver <a href=\"https:\/\/judkaleiart.com\/es\/faq\/\">Informaci\u00f3n de env\u00edo<\/a>):<\/p>\n<p>Espa\u00f1a: 3-5 d\u00edas.<br \/>\nEuropa: 1-2 semanas.<br \/>\nEstados Unidos (y otros): 2-3 semanas.<\/p>\n<p>Ten en cuenta que el tiempo estimado de env\u00edo puede variar debido a la situaci\u00f3n de Covid-19, y que una vez que env\u00ede el pedido por correo ordinario, \u00a1no tengo control sobre \u00e9l! Para un env\u00edo m\u00e1s r\u00e1pido, tambi\u00e9n est\u00e1 disponible el env\u00edo por correo certificado (incluye n\u00famero de seguimiento).<\/p>\n<p>&#8212;&#8212;&#8212;&#8212;&#8212;&#8212;&#8212;&#8212;&#8212;&#8212;&#8212;&#8212;&#8212;-<\/p>\n<p>\ud83c\udf81 \u00a1REGALO! \ud83c\udf81 Cada pedido recibir\u00e1 una pegatina extra al azar de uno de mis dise\u00f1os \ud83d\ude42<\/p>\n<p>Si tienes alguna pregunta, \u00a1no dudes en contactarme!<\/p>\n<p>\u2661 Juds \u2661<\/p>","protected":false},"excerpt":{"rendered":"<p>\u2661 Self-designed Sailor Moon tote bag featuring Usagi! \u2661 \ud83d\ude0a\ud83d\ude3b Two color screen printed (pink and black) in pastel pink fabric to achieve an incredible 90s anime kawaii aesthetic look! It&#8217;s ideal for carrying by hand or on the shoulder! With this tote, you will be immersed in the Sailor Moon universe! \ud83d\ude3b\ud83d\ude0a \u27a4 Size: [&hellip;]<\/p>\n","protected":false},"featured_media":746,"comment_status":"open","ping_status":"closed","template":"","meta":[],"product_brand":[],"product_cat":[42],"product_tag":[],"class_list":{"0":"post-741","1":"product","2":"type-product","3":"status-publish","4":"has-post-thumbnail","6":"product_cat-tote-bags","7":"product_shipping_class-letter","9":"first","10":"outofstock","11":"shipping-taxable","12":"purchasable","13":"product-type-simple"},"_links":{"self":[{"href":"https:\/\/judkaleiart.com\/es\/wp-json\/wp\/v2\/product\/741","targetHints":{"allow":["GET"]}}],"collection":[{"href":"https:\/\/judkaleiart.com\/es\/wp-json\/wp\/v2\/product"}],"about":[{"href":"https:\/\/judkaleiart.com\/es\/wp-json\/wp\/v2\/types\/product"}],"replies":[{"embeddable":true,"href":"https:\/\/judkaleiart.com\/es\/wp-json\/wp\/v2\/comments?post=741"}],"wp:featuredmedia":[{"embeddable":true,"href":"https:\/\/judkaleiart.com\/es\/wp-json\/wp\/v2\/media\/746"}],"wp:attachment":[{"href":"https:\/\/judkaleiart.com\/es\/wp-json\/wp\/v2\/media?parent=741"}],"wp:term":[{"taxonomy":"product_brand","embeddable":true,"href":"https:\/\/judkaleiart.com\/es\/wp-json\/wp\/v2\/product_brand?post=741"},{"taxonomy":"product_cat","embeddable":true,"href":"https:\/\/judkaleiart.com\/es\/wp-json\/wp\/v2\/product_cat?post=741"},{"taxonomy":"product_tag","embeddable":true,"href":"https:\/\/judkaleiart.com\/es\/wp-json\/wp\/v2\/product_tag?post=741"}],"curies":[{"name":"wp","href":"https:\/\/api.w.org\/{rel}","templated":true}]}}