{"id":761,"date":"2023-02-01T20:37:16","date_gmt":"2023-02-01T18:37:16","guid":{"rendered":"https:\/\/judkaleiart.com\/?post_type=product&#038;p=761"},"modified":"2025-12-16T21:30:15","modified_gmt":"2025-12-16T19:30:15","slug":"spy-x-family-earrings-cute-anya-chan","status":"publish","type":"product","link":"https:\/\/judkaleiart.com\/es\/producto\/spy-x-family-earrings-cute-anya-chan\/","title":{"rendered":"Spy x Family Pendientes | Doble Personalidad Cute Anya"},"content":{"rendered":"<p style=\"text-align: center;\"><strong><em>\u2661 Pendientes Spy x Family de dise\u00f1o propio \u2661<\/em><\/strong><\/p>\n<p style=\"text-align: center;\"><span class=\"emoji\">\ud83d\udc96<\/span><span class=\"emoji\">\ud83e\udd5c<\/span> Anya Forger nos ha robado el coraz\u00f3n, verdad? Estos pendientes preciosos de Anya Chan se ver\u00e1n incre\u00edbles en ti <span class=\"emoji\">\ud83e\udd5c\ud83d\udc96<\/span><\/p>\n<p>Dise\u00f1os diferentes en cada pendiente! Anya Entusiasmada y meme: Su lado bonito (y <span class=\"tag_e\"><span class=\"tag_t\">p\u00edcaro!<\/span><\/span>) <span class=\"emoji\">\ud83e\udd29<\/span><br \/>\n\u27a4 \ud83e\udd0d Enganches de plata \ud83e\udd0d<br \/>\n\u27a4 Hechos de acr\u00edlico! Con una capa de epoxy.<br \/>\n\u27a4 Ilustrados digitalmente en Procreate<\/p>\n<p><strong>Tama\u00f1o:<\/strong> 4cm\/1.6 pulgadas cada pendiente.<\/p>\n<p>&#8212;&#8212;&#8212;&#8212;&#8212;&#8212;&#8212;&#8212;&#8212;&#8212;&#8212;&#8212;&#8212;-<\/p>\n<p>\ud83d\ude9a ENV\u00cdO R\u00c1PIDO 1-3 D\u00cdAS \ud83d\ude9a<\/p>\n<p>Tiempo estimado de llegada (ver <a href=\"https:\/\/judkaleiart.com\/es\/faq\/\">Informaci\u00f3n de env\u00edo<\/a>):<\/p>\n<p>Espa\u00f1a: 3-5 d\u00edas.<br \/>\nEuropa: 1-2 semanas.<br \/>\nEstados Unidos (y otros): 2-3 semanas.<\/p>\n<p>Ten en cuenta que el tiempo estimado de env\u00edo puede variar debido a la situaci\u00f3n de Covid-19, y que una vez que env\u00ede el pedido por correo ordinario, \u00a1no tengo control sobre \u00e9l! Para un env\u00edo m\u00e1s r\u00e1pido, tambi\u00e9n est\u00e1 disponible el env\u00edo por correo certificado (incluye n\u00famero de seguimiento).<\/p>\n<p>&#8212;&#8212;&#8212;&#8212;&#8212;&#8212;&#8212;&#8212;&#8212;&#8212;&#8212;&#8212;&#8212;-<\/p>\n<p>\ud83c\udf81 \u00a1REGALO! \ud83c\udf81 Cada pedido recibir\u00e1 una pegatina extra al azar de uno de mis dise\u00f1os \ud83d\ude42<\/p>\n<p>Si tienes alguna pregunta, \u00a1no dudes en contactarme!<\/p>\n<p>\u2661 Juds \u2661<\/p>","protected":false},"excerpt":{"rendered":"<p>\u2661 Self-designed Spy x Family earrings \u2661 \ud83d\udc96\ud83e\udd5c Anya Forger has stolen our hearts, hasn&#8217;t she? These cute earrings featuring Anya Chan will look amazing on you \ud83e\udd5c\ud83d\udc96 Two different designs in each earring! Excited\/Meme Anya: Her cute (and naughty) sides! \ud83e\udd29 \u27a4 \ud83e\udd0d Silver hooks \ud83e\udd0d \u27a4 Made out of acrylic! With an epoxy [&hellip;]<\/p>\n","protected":false},"featured_media":821,"comment_status":"open","ping_status":"closed","template":"","meta":[],"product_brand":[],"product_cat":[77],"product_tag":[],"class_list":{"0":"post-761","1":"product","2":"type-product","3":"status-publish","4":"has-post-thumbnail","6":"product_cat-earrings","7":"product_shipping_class-small-letter","9":"first","10":"outofstock","11":"shipping-taxable","12":"purchasable","13":"product-type-simple"},"_links":{"self":[{"href":"https:\/\/judkaleiart.com\/es\/wp-json\/wp\/v2\/product\/761","targetHints":{"allow":["GET"]}}],"collection":[{"href":"https:\/\/judkaleiart.com\/es\/wp-json\/wp\/v2\/product"}],"about":[{"href":"https:\/\/judkaleiart.com\/es\/wp-json\/wp\/v2\/types\/product"}],"replies":[{"embeddable":true,"href":"https:\/\/judkaleiart.com\/es\/wp-json\/wp\/v2\/comments?post=761"}],"wp:featuredmedia":[{"embeddable":true,"href":"https:\/\/judkaleiart.com\/es\/wp-json\/wp\/v2\/media\/821"}],"wp:attachment":[{"href":"https:\/\/judkaleiart.com\/es\/wp-json\/wp\/v2\/media?parent=761"}],"wp:term":[{"taxonomy":"product_brand","embeddable":true,"href":"https:\/\/judkaleiart.com\/es\/wp-json\/wp\/v2\/product_brand?post=761"},{"taxonomy":"product_cat","embeddable":true,"href":"https:\/\/judkaleiart.com\/es\/wp-json\/wp\/v2\/product_cat?post=761"},{"taxonomy":"product_tag","embeddable":true,"href":"https:\/\/judkaleiart.com\/es\/wp-json\/wp\/v2\/product_tag?post=761"}],"curies":[{"name":"wp","href":"https:\/\/api.w.org\/{rel}","templated":true}]}}