{"id":772,"date":"2023-02-02T18:16:36","date_gmt":"2023-02-02T16:16:36","guid":{"rendered":"https:\/\/judkaleiart.com\/?post_type=product&#038;p=772"},"modified":"2024-11-29T19:05:07","modified_gmt":"2024-11-29T17:05:07","slug":"acnh-lily-henry-puddles-acrylic-pin","status":"publish","type":"product","link":"https:\/\/judkaleiart.com\/es\/producto\/acnh-lily-henry-puddles-acrylic-pin\/","title":{"rendered":"Animal Crossing Ranitas Edamame Pin | Lily Nen\u00fafar Saperto Pin Acr\u00edlico"},"content":{"rendered":"<p style=\"text-align: center;\"><strong><em>\u2661 Pin de Animal Crossing de dise\u00f1o propio \u2661<\/em><\/strong><\/p>\n<p style=\"text-align: center;\"><span class=\"emoji\"> \ud83d\udc38<\/span>Ocupa Animal Crossing New Horizons un lugar especial en tu coraz\u00f3n? Con este pin, puedes demostrar tu amor por las ranitas <span class=\"emoji\"> \ud83d\udc38<\/span><\/p>\n<p>Si te encanta Animal Crossing y la comida japonesa, \u00a1este pin de edamame es perfecto para ti!<br \/>\n\u27a4 Tama\u00f1o 4cm\/1.6 pulgadas<br \/>\n\u27a4 Acr\u00edlico con epoxy y brillantitos \u2728<br \/>\n\u27a4 1 Enganche de goma rosa con forma de coraz\u00f3n en la parte trasera!<\/p>\n<p>&#8212;&#8212;&#8212;&#8212;&#8212;&#8212;&#8212;&#8212;&#8212;&#8212;&#8212;&#8212;&#8212;-<\/p>\n<p>\ud83d\ude9a ENV\u00cdO R\u00c1PIDO 1-3 D\u00cdAS \ud83d\ude9a<\/p>\n<p>Tiempo estimado de llegada (ver <a href=\"https:\/\/judkaleiart.com\/es\/faq\/\">Informaci\u00f3n de env\u00edo<\/a>):<\/p>\n<p>Espa\u00f1a: 3-5 d\u00edas.<br \/>\nEuropa: 1-2 semanas.<br \/>\nEstados Unidos (y otros): 2-3 semanas.<\/p>\n<p>Ten en cuenta que el tiempo estimado de env\u00edo puede variar debido a la situaci\u00f3n de Covid-19, y que una vez que env\u00ede el pedido por correo ordinario, \u00a1no tengo control sobre \u00e9l! Para un env\u00edo m\u00e1s r\u00e1pido, tambi\u00e9n est\u00e1 disponible el env\u00edo por correo certificado (incluye n\u00famero de seguimiento).<\/p>\n<p>&#8212;&#8212;&#8212;&#8212;&#8212;&#8212;&#8212;&#8212;&#8212;&#8212;&#8212;&#8212;&#8212;-<\/p>\n<p>\ud83c\udf81 \u00a1REGALO! \ud83c\udf81 Cada pedido recibir\u00e1 una pegatina extra al azar de uno de mis dise\u00f1os \ud83d\ude42<\/p>\n<p>Si tienes alguna pregunta, \u00a1no dudes en contactarme!<\/p>\n<p>\u2661 Juds \u2661<\/p>","protected":false},"excerpt":{"rendered":"<p>\u2661 Self-designed Animal Crossing Pin \u2661 \ud83d\udc38Does Animal Crossing New Horizons hold a very special place in your heart? With this pin, you can show your love for frogs \ud83d\udc38 If you love Animal Crossing &amp; Japanese food, this Edamame pin is a perfect choice for you! \u27a4 Size 4cm\/1.6 inches \u27a4 Acrylic with epoxy [&hellip;]<\/p>\n","protected":false},"featured_media":797,"comment_status":"open","ping_status":"closed","template":"","meta":[],"product_brand":[],"product_cat":[39],"product_tag":[],"class_list":{"0":"post-772","1":"product","2":"type-product","3":"status-publish","4":"has-post-thumbnail","6":"product_cat-pins","7":"product_shipping_class-small-letter","9":"first","10":"instock","11":"shipping-taxable","12":"purchasable","13":"product-type-simple"},"_links":{"self":[{"href":"https:\/\/judkaleiart.com\/es\/wp-json\/wp\/v2\/product\/772","targetHints":{"allow":["GET"]}}],"collection":[{"href":"https:\/\/judkaleiart.com\/es\/wp-json\/wp\/v2\/product"}],"about":[{"href":"https:\/\/judkaleiart.com\/es\/wp-json\/wp\/v2\/types\/product"}],"replies":[{"embeddable":true,"href":"https:\/\/judkaleiart.com\/es\/wp-json\/wp\/v2\/comments?post=772"}],"wp:featuredmedia":[{"embeddable":true,"href":"https:\/\/judkaleiart.com\/es\/wp-json\/wp\/v2\/media\/797"}],"wp:attachment":[{"href":"https:\/\/judkaleiart.com\/es\/wp-json\/wp\/v2\/media?parent=772"}],"wp:term":[{"taxonomy":"product_brand","embeddable":true,"href":"https:\/\/judkaleiart.com\/es\/wp-json\/wp\/v2\/product_brand?post=772"},{"taxonomy":"product_cat","embeddable":true,"href":"https:\/\/judkaleiart.com\/es\/wp-json\/wp\/v2\/product_cat?post=772"},{"taxonomy":"product_tag","embeddable":true,"href":"https:\/\/judkaleiart.com\/es\/wp-json\/wp\/v2\/product_tag?post=772"}],"curies":[{"name":"wp","href":"https:\/\/api.w.org\/{rel}","templated":true}]}}