{"id":857,"date":"2023-05-04T16:57:18","date_gmt":"2023-05-04T14:57:18","guid":{"rendered":"https:\/\/judkaleiart.com\/?post_type=product&#038;p=857"},"modified":"2026-03-03T14:43:56","modified_gmt":"2026-03-03T12:43:56","slug":"princess-zelda-link-wooden-pins-the-legend-of-zelda","status":"publish","type":"product","link":"https:\/\/judkaleiart.com\/es\/producto\/princess-zelda-link-wooden-pins-the-legend-of-zelda\/","title":{"rendered":"Princesa Zelda &amp; Link Pines de Madera | The Legend of Zelda | Zelink"},"content":{"rendered":"<p>\u2661 \u00a1Pines de madera de Princesa Zelda &amp; Link de dise\u00f1o propio! \u2661<\/p>\n<p><span class=\"emoji\" style=\"font-size: 12pt;\"> <span class=\"emoji\">\ud83e\udeb5\ud83c\udf38\ud83c\udf43<\/span> <\/span><span class=\"emoji\" style=\"font-size: 12pt;\">\u00bfOcupa The Legend of Zelda un lugar especial en tu coraz\u00f3n? \u00a1Con estos pins, puedes mostrar tu aprecio al ship Zelink! <span class=\"emoji\">\ud83c\udf43\ud83c\udf38\ud83e\udeb5<\/span><\/span><\/p>\n<p>Para los fans aut\u00e9nticos de The Legend of Zelda, BOTW y TOTK.<\/p>\n<p>Hay disponibles dos dise\u00f1os:<br \/>\n\u27a4 Princesa Zelda: borde de flores.<br \/>\n\u27a4 Link: borde de hojas.<br \/>\n\u27a4\u00a1Tambi\u00e9n se pueden comprar en PACK COMPLETO con descuentos especiales (-15%)!<br \/>\n\u27a4 B Grade: Peque\u00f1as imperfecciones al 15% de descuento!<\/p>\n<p>Especificaciones:<br \/>\n\u27a4 Tama\u00f1o: 5cm\/2 inches<br \/>\n\u27a4 Material: Madera, impresi\u00f3n a una cara.<br \/>\n\u27a4 2 Enganches de goma rosa con forma de coraz\u00f3n en la parte trasera para una mejor sujeci\u00f3n!<\/p>\n<p>&#8212;&#8212;&#8212;&#8212;&#8212;&#8212;&#8212;&#8212;&#8212;&#8212;&#8212;&#8212;&#8212;-<\/p>\n<p>\ud83d\ude9a ENV\u00cdO R\u00c1PIDO 1-3 D\u00cdAS \ud83d\ude9a<\/p>\n<p>Tiempo estimado de llegada (ver <a href=\"https:\/\/judkaleiart.com\/es\/faq\/\">Informaci\u00f3n de env\u00edo<\/a>):<\/p>\n<p>Espa\u00f1a: 3-5 d\u00edas.<br \/>\nEuropa: 1-2 semanas.<br \/>\nEstados Unidos (y otros): 2-3 semanas.<\/p>\n<p>Ten en cuenta que el tiempo estimado de env\u00edo puede variar debido a la situaci\u00f3n de Covid-19, y que una vez que env\u00ede el pedido por correo ordinario, \u00a1no tengo control sobre \u00e9l! Para un env\u00edo m\u00e1s r\u00e1pido, tambi\u00e9n est\u00e1 disponible el env\u00edo por correo certificado (incluye n\u00famero de seguimiento).<\/p>\n<p>&#8212;&#8212;&#8212;&#8212;&#8212;&#8212;&#8212;&#8212;&#8212;&#8212;&#8212;&#8212;&#8212;-<\/p>\n<p>\ud83c\udf81 \u00a1REGALO! \ud83c\udf81 Cada pedido recibir\u00e1 una pegatina extra al azar de uno de mis dise\u00f1os \ud83d\ude42<\/p>\n<p>Si tienes alguna pregunta, \u00a1no dudes en contactarme!<\/p>\n<p>\u2661 Juds \u2661<\/p>","protected":false},"excerpt":{"rendered":"<p>\u2661 Self-designed Princess Zelda &amp; Link Wooden Pins! \u2661 \ud83e\udeb5\ud83c\udf38\ud83c\udf43 Does The Legend of Zelda and its Koroks hold a very special place in your heart? With these pins, you can show your Zelink ship love! \ud83c\udf43\ud83c\udf38\ud83e\udeb5 For The Legend of Zelda, BOTW, and TOTK true fans! There are two designs available: \u27a4 Princess Zelda: [&hellip;]<\/p>\n","protected":false},"featured_media":874,"comment_status":"open","ping_status":"closed","template":"","meta":[],"product_brand":[],"product_cat":[39],"product_tag":[],"class_list":{"0":"post-857","1":"product","2":"type-product","3":"status-publish","4":"has-post-thumbnail","6":"product_cat-pins","7":"product_shipping_class-small-letter","9":"first","10":"instock","11":"sale","12":"shipping-taxable","13":"purchasable","14":"product-type-variable"},"_links":{"self":[{"href":"https:\/\/judkaleiart.com\/es\/wp-json\/wp\/v2\/product\/857","targetHints":{"allow":["GET"]}}],"collection":[{"href":"https:\/\/judkaleiart.com\/es\/wp-json\/wp\/v2\/product"}],"about":[{"href":"https:\/\/judkaleiart.com\/es\/wp-json\/wp\/v2\/types\/product"}],"replies":[{"embeddable":true,"href":"https:\/\/judkaleiart.com\/es\/wp-json\/wp\/v2\/comments?post=857"}],"wp:featuredmedia":[{"embeddable":true,"href":"https:\/\/judkaleiart.com\/es\/wp-json\/wp\/v2\/media\/874"}],"wp:attachment":[{"href":"https:\/\/judkaleiart.com\/es\/wp-json\/wp\/v2\/media?parent=857"}],"wp:term":[{"taxonomy":"product_brand","embeddable":true,"href":"https:\/\/judkaleiart.com\/es\/wp-json\/wp\/v2\/product_brand?post=857"},{"taxonomy":"product_cat","embeddable":true,"href":"https:\/\/judkaleiart.com\/es\/wp-json\/wp\/v2\/product_cat?post=857"},{"taxonomy":"product_tag","embeddable":true,"href":"https:\/\/judkaleiart.com\/es\/wp-json\/wp\/v2\/product_tag?post=857"}],"curies":[{"name":"wp","href":"https:\/\/api.w.org\/{rel}","templated":true}]}}