{"id":889,"date":"2023-06-22T18:46:42","date_gmt":"2023-06-22T16:46:42","guid":{"rendered":"https:\/\/judkaleiart.com\/?post_type=product&#038;p=889"},"modified":"2026-03-03T14:32:59","modified_gmt":"2026-03-03T12:32:59","slug":"zelda-korok-charms-botw-wooden-rocket-seasonal-koroks","status":"publish","type":"product","link":"https:\/\/judkaleiart.com\/es\/producto\/zelda-korok-charms-botw-wooden-rocket-seasonal-koroks\/","title":{"rendered":"Llaveros Zelda Kolog | BOTW Kologs de madera Cohete &amp; 4 estaciones"},"content":{"rendered":"<p>\u2661 \u00a1Llaveros Kolog de dise\u00f1o propio Cohete \ud83d\ude80 y 4 estaciones (Primavera <span class=\"emoji\">\ud83c\udf3c<\/span>, Verano <span class=\"emoji\">\ud83c\udf3f<\/span>, Oto\u00f1o <span class=\"emoji\">\ud83c\udf42<\/span>, e Invierno <span class=\"emoji\">\u2744\ufe0f)<\/span> ! \u2661<\/p>\n<p><span class=\"emoji\" style=\"font-size: 12pt;\"> \ud83d\ude80<span class=\"emoji\">\ud83c\udf3c\ud83c\udf3f\ud83c\udf42<\/span> <span class=\"emoji\">\u2744\ufe0f<\/span> \u00a1Mejora l<\/span><span class=\"emoji\" style=\"font-size: 12pt;\">as llaves de tu coche o casa cada estaci\u00f3n del a\u00f1o con estos llaveros mon\u00edsimos! <span class=\"emoji\">\u2744\ufe0f\ud83c\udf42<\/span><span class=\"emoji\">\ud83c\udf3f\ud83c\udf3c\ud83d\ude80<br \/>\n<\/span><\/span><\/p>\n<p>\u00a1Para l@s verdader@s fans de Zelda! Hechos de madera, los llaveros llevan cuerdas de colores a juego con cada estaci\u00f3n y abalorios en forma de hoja como toque extra.<\/p>\n<p>Hay dos tipos de llavero:<br \/>\n\u27a4 Grado A: Perfecto estado.<br \/>\n\u27a4 Grado B: estos tienen peque\u00f1as imperfecciones, como marcas de quemaduras en los bordes debido al proceso de corte. Por eso, \u00a1tienen un 20% de descuento!<br \/>\n\u27a4 They can also be sold as a FULL PACK with special extra discounts (15% OFF)!<\/p>\n<p>Tama\u00f1o: 5cm<br \/>\nMaterial: Madera, impresi\u00f3n a una cara.<\/p>\n<p>&#8212;&#8212;&#8212;&#8212;&#8212;&#8212;&#8212;&#8212;&#8212;&#8212;&#8212;&#8212;&#8212;-<\/p>\n<p>\ud83d\ude9a ENV\u00cdO R\u00c1PIDO 1-3 D\u00cdAS \ud83d\ude9a<\/p>\n<p>Tiempo estimado de llegada (ver <a href=\"https:\/\/judkaleiart.com\/es\/faq\/\">Informaci\u00f3n de env\u00edo<\/a>):<\/p>\n<p>Espa\u00f1a: 3-5 d\u00edas.<br \/>\nEuropa: 1-2 semanas.<br \/>\nEstados Unidos (y otros): 2-3 semanas.<\/p>\n<p>Ten en cuenta que el tiempo estimado de env\u00edo puede variar debido a la situaci\u00f3n de Covid-19, y que una vez que env\u00ede el pedido por correo ordinario, \u00a1no tengo control sobre \u00e9l! Para un env\u00edo m\u00e1s r\u00e1pido, tambi\u00e9n est\u00e1 disponible el env\u00edo por correo certificado (incluye n\u00famero de seguimiento).<\/p>\n<p>&#8212;&#8212;&#8212;&#8212;&#8212;&#8212;&#8212;&#8212;&#8212;&#8212;&#8212;&#8212;&#8212;-<\/p>\n<p>\ud83c\udf81 \u00a1REGALO! \ud83c\udf81 Cada pedido recibir\u00e1 una pegatina extra al azar de uno de mis dise\u00f1os \ud83d\ude42<\/p>\n<p>Si tienes alguna pregunta, \u00a1no dudes en contactarme!<\/p>\n<p>\u2661 Juds \u2661<\/p>","protected":false},"excerpt":{"rendered":"<p>\u2661 Self-designed Korok Charms featuring Rocket \ud83d\ude80 and 4-Seasons (Spring \ud83c\udf3c, Summer \ud83c\udf3f, Fall \ud83c\udf42, and Winter \u2744\ufe0f) Koroks! \u2661 \ud83d\ude80\ud83c\udf3c\ud83c\udf3f\ud83c\udf42 \u2744\ufe0f Upgrade your car or home keys every season with these cute Korok charms! \u2744\ufe0f\ud83c\udf42\ud83c\udf3f\ud83c\udf3c\ud83d\ude80 For Zelda true fans! Made out of wood, the charms use seasonal colored strings and leaf charms as a [&hellip;]<\/p>\n","protected":false},"featured_media":902,"comment_status":"open","ping_status":"closed","template":"","meta":[],"product_brand":[],"product_cat":[35],"product_tag":[],"class_list":{"0":"post-889","1":"product","2":"type-product","3":"status-publish","4":"has-post-thumbnail","6":"product_cat-charms","7":"product_shipping_class-small-letter","9":"first","10":"instock","11":"shipping-taxable","12":"purchasable","13":"product-type-variable"},"_links":{"self":[{"href":"https:\/\/judkaleiart.com\/es\/wp-json\/wp\/v2\/product\/889","targetHints":{"allow":["GET"]}}],"collection":[{"href":"https:\/\/judkaleiart.com\/es\/wp-json\/wp\/v2\/product"}],"about":[{"href":"https:\/\/judkaleiart.com\/es\/wp-json\/wp\/v2\/types\/product"}],"replies":[{"embeddable":true,"href":"https:\/\/judkaleiart.com\/es\/wp-json\/wp\/v2\/comments?post=889"}],"wp:featuredmedia":[{"embeddable":true,"href":"https:\/\/judkaleiart.com\/es\/wp-json\/wp\/v2\/media\/902"}],"wp:attachment":[{"href":"https:\/\/judkaleiart.com\/es\/wp-json\/wp\/v2\/media?parent=889"}],"wp:term":[{"taxonomy":"product_brand","embeddable":true,"href":"https:\/\/judkaleiart.com\/es\/wp-json\/wp\/v2\/product_brand?post=889"},{"taxonomy":"product_cat","embeddable":true,"href":"https:\/\/judkaleiart.com\/es\/wp-json\/wp\/v2\/product_cat?post=889"},{"taxonomy":"product_tag","embeddable":true,"href":"https:\/\/judkaleiart.com\/es\/wp-json\/wp\/v2\/product_tag?post=889"}],"curies":[{"name":"wp","href":"https:\/\/api.w.org\/{rel}","templated":true}]}}