{"id":922,"date":"2023-09-25T16:31:33","date_gmt":"2023-09-25T14:31:33","guid":{"rendered":"https:\/\/judkaleiart.com\/?post_type=product&#038;p=922"},"modified":"2026-03-03T14:21:41","modified_gmt":"2026-03-03T12:21:41","slug":"mini-charms-collection","status":"publish","type":"product","link":"https:\/\/judkaleiart.com\/es\/producto\/mini-charms-collection\/","title":{"rendered":"Colecci\u00f3n de mini llaveros"},"content":{"rendered":"<p style=\"text-align: center;\"><strong><em>\u2661 Llaveros mini de dise\u00f1o propio \u2661<\/em><\/strong><\/p>\n<p style=\"text-align: center;\">Los dise\u00f1os vienen con una correa muy cute, \u00a1perfectos para decorar tu m\u00f3vil, mochila o bolso!<\/p>\n<p>&nbsp;<\/p>\n<p>\u27a4 Dise\u00f1o(s) Random Gachapon: Si eliges esta opci\u00f3n, \u00a1no olvides dejar tu nombre o tu Instagram @! Voy a hacer un poco de magia Gachapon y conseguir un mini llavero muy cute. Grabar\u00e9 todo el proceso y lo compartir\u00e9 en mis redes sociales para que lo veas \ud83c\udf1f\ud83d\udcab<\/p>\n<p>Tama\u00f1o: 2,5cm<br \/>\nMaterial: Acr\u00edlico.<\/p>\n<p>&#8212;&#8212;&#8212;&#8212;&#8212;&#8212;&#8212;&#8212;&#8212;&#8212;&#8212;&#8212;&#8212;-<\/p>\n<p>\ud83d\ude9a ENV\u00cdO R\u00c1PIDO 1-3 D\u00cdAS \ud83d\ude9a<\/p>\n<p>Tiempo estimado de llegada (ver <a href=\"https:\/\/judkaleiart.com\/es\/faq\/\">Informaci\u00f3n de env\u00edo<\/a>):<\/p>\n<p>Espa\u00f1a: 3-5 d\u00edas.<br \/>\nEuropa: 1-2 semanas.<br \/>\nEstados Unidos (y otros): 2-3 semanas.<\/p>\n<p>Ten en cuenta que el tiempo estimado de env\u00edo puede variar debido a la situaci\u00f3n de Covid-19, y que una vez que env\u00ede el pedido por correo ordinario, \u00a1no tengo control sobre \u00e9l! Para un env\u00edo m\u00e1s r\u00e1pido, tambi\u00e9n est\u00e1 disponible el env\u00edo por correo certificado (incluye n\u00famero de seguimiento).<\/p>\n<p>&#8212;&#8212;&#8212;&#8212;&#8212;&#8212;&#8212;&#8212;&#8212;&#8212;&#8212;&#8212;&#8212;-<\/p>\n<p>\ud83c\udf81 \u00a1REGALO! \ud83c\udf81 Cada pedido recibir\u00e1 una pegatina extra al azar de uno de mis dise\u00f1os \ud83d\ude42<\/p>\n<p>Si tienes alguna pregunta, \u00a1no dudes en contactarme!<\/p>\n<p>\u2661 Juds \u2661<\/p>\n<p><strong><em>\u00a0<\/em><\/strong><\/p>","protected":false},"excerpt":{"rendered":"<p>\u2661 Self-designed mini charms \u2661 The designs come with a cute strap, perfect for decorating your phone, backpack, or purse! &nbsp; \u27a4 Gachapon Random design(s)*: If you pick this choice, don&#8217;t forget to drop your name or Instagram @! I&#8217;ll work some Gachapon magic and snag a lucky mini charm. I&#8217;ll record the whole process [&hellip;]<\/p>\n","protected":false},"featured_media":968,"comment_status":"open","ping_status":"closed","template":"","meta":[],"product_brand":[],"product_cat":[78],"product_tag":[],"class_list":{"0":"post-922","1":"product","2":"type-product","3":"status-publish","4":"has-post-thumbnail","6":"product_cat-mini-charms","7":"product_shipping_class-small-letter","9":"first","10":"instock","11":"shipping-taxable","12":"purchasable","13":"product-type-variable"},"_links":{"self":[{"href":"https:\/\/judkaleiart.com\/es\/wp-json\/wp\/v2\/product\/922","targetHints":{"allow":["GET"]}}],"collection":[{"href":"https:\/\/judkaleiart.com\/es\/wp-json\/wp\/v2\/product"}],"about":[{"href":"https:\/\/judkaleiart.com\/es\/wp-json\/wp\/v2\/types\/product"}],"replies":[{"embeddable":true,"href":"https:\/\/judkaleiart.com\/es\/wp-json\/wp\/v2\/comments?post=922"}],"wp:featuredmedia":[{"embeddable":true,"href":"https:\/\/judkaleiart.com\/es\/wp-json\/wp\/v2\/media\/968"}],"wp:attachment":[{"href":"https:\/\/judkaleiart.com\/es\/wp-json\/wp\/v2\/media?parent=922"}],"wp:term":[{"taxonomy":"product_brand","embeddable":true,"href":"https:\/\/judkaleiart.com\/es\/wp-json\/wp\/v2\/product_brand?post=922"},{"taxonomy":"product_cat","embeddable":true,"href":"https:\/\/judkaleiart.com\/es\/wp-json\/wp\/v2\/product_cat?post=922"},{"taxonomy":"product_tag","embeddable":true,"href":"https:\/\/judkaleiart.com\/es\/wp-json\/wp\/v2\/product_tag?post=922"}],"curies":[{"name":"wp","href":"https:\/\/api.w.org\/{rel}","templated":true}]}}