{"id":935,"date":"2023-09-23T10:41:52","date_gmt":"2023-09-23T08:41:52","guid":{"rendered":"https:\/\/judkaleiart.com\/?post_type=product&#038;p=935"},"modified":"2026-04-27T03:02:21","modified_gmt":"2026-04-27T01:02:21","slug":"animal-crossing-pin-cute-molly-2","status":"publish","type":"product","link":"https:\/\/judkaleiart.com\/es\/producto\/animal-crossing-pin-cute-molly-2\/","title":{"rendered":"Animal Crossing Pin | Molly with a tangerine"},"content":{"rendered":"<p style=\"text-align: center;\"><strong><em>\u2661 Pin de Animal Crossing de dise\u00f1o propio \u2661<\/em><\/strong><\/p>\n<p style=\"text-align: center;\">\ud83e\udde1\ud83e\udd86 Ocupa Animal Crossing New Horizons un lugar especial en tu coraz\u00f3n? Con este pin, puedes demostrar tu amor por los patitos \ud83e\udd86\ud83e\udde1<\/p>\n<p>\u00a1Molly brilla con su personalidad ilustrada en este pin brillante!<br \/>\n\u27a4 Tama\u00f1o 4cm\/1.6 pulgadas<br \/>\n\u27a4 Acr\u00edlico con epoxy y brillantitos \u2728<br \/>\n\u27a4 1 Enganche de goma rosa con forma de coraz\u00f3n en la parte trasera!<\/p>\n<p>&#8212;&#8212;&#8212;&#8212;&#8212;&#8212;&#8212;&#8212;&#8212;&#8212;&#8212;&#8212;&#8212;-<\/p>\n<p>\ud83d\ude9a ENV\u00cdO R\u00c1PIDO 1-3 D\u00cdAS \ud83d\ude9a<\/p>\n<p>Tiempo estimado de llegada (ver <a href=\"https:\/\/judkaleiart.com\/es\/faq\/\">Informaci\u00f3n de env\u00edo<\/a>):<\/p>\n<p>Espa\u00f1a: 3-5 d\u00edas.<br \/>\nEuropa: 1-2 semanas.<br \/>\nEstados Unidos (y otros): 2-3 semanas.<\/p>\n<p>Ten en cuenta que el tiempo estimado de env\u00edo puede variar debido a la situaci\u00f3n de Covid-19, y que una vez que env\u00ede el pedido por correo ordinario, \u00a1no tengo control sobre \u00e9l! Para un env\u00edo m\u00e1s r\u00e1pido, tambi\u00e9n est\u00e1 disponible el env\u00edo por correo certificado (incluye n\u00famero de seguimiento).<\/p>\n<p>&#8212;&#8212;&#8212;&#8212;&#8212;&#8212;&#8212;&#8212;&#8212;&#8212;&#8212;&#8212;&#8212;-<\/p>\n<p>\ud83c\udf81 \u00a1REGALO! \ud83c\udf81 Cada pedido recibir\u00e1 una pegatina extra al azar de uno de mis dise\u00f1os \ud83d\ude42<\/p>\n<p>Si tienes alguna pregunta, \u00a1no dudes en contactarme!<\/p>\n<p>\u2661 Juds \u2661<\/p>","protected":false},"excerpt":{"rendered":"<p>\u2661 Self-designed Animal Crossing Pin \u2661 \ud83e\udde1\ud83e\udd86 Does Animal Crossing New Horizons hold a very special place in your heart? With this pin, you can show your love for ducks \ud83e\udd86\ud83e\udde1 Molly shines with her personality illustrated on this glittery pin! \u27a4 Size 4cm\/1.6 inches \u27a4 Acrylic with epoxy and glitter \u2728 \u27a4 1 Heart-Shaped [&hellip;]<\/p>\n","protected":false},"featured_media":799,"comment_status":"open","ping_status":"closed","template":"","meta":[],"product_brand":[],"product_cat":[39],"product_tag":[],"class_list":{"0":"post-935","1":"product","2":"type-product","3":"status-publish","4":"has-post-thumbnail","6":"product_cat-pins","7":"product_shipping_class-small-letter","9":"first","10":"outofstock","11":"shipping-taxable","12":"purchasable","13":"product-type-simple"},"_links":{"self":[{"href":"https:\/\/judkaleiart.com\/es\/wp-json\/wp\/v2\/product\/935","targetHints":{"allow":["GET"]}}],"collection":[{"href":"https:\/\/judkaleiart.com\/es\/wp-json\/wp\/v2\/product"}],"about":[{"href":"https:\/\/judkaleiart.com\/es\/wp-json\/wp\/v2\/types\/product"}],"replies":[{"embeddable":true,"href":"https:\/\/judkaleiart.com\/es\/wp-json\/wp\/v2\/comments?post=935"}],"wp:featuredmedia":[{"embeddable":true,"href":"https:\/\/judkaleiart.com\/es\/wp-json\/wp\/v2\/media\/799"}],"wp:attachment":[{"href":"https:\/\/judkaleiart.com\/es\/wp-json\/wp\/v2\/media?parent=935"}],"wp:term":[{"taxonomy":"product_brand","embeddable":true,"href":"https:\/\/judkaleiart.com\/es\/wp-json\/wp\/v2\/product_brand?post=935"},{"taxonomy":"product_cat","embeddable":true,"href":"https:\/\/judkaleiart.com\/es\/wp-json\/wp\/v2\/product_cat?post=935"},{"taxonomy":"product_tag","embeddable":true,"href":"https:\/\/judkaleiart.com\/es\/wp-json\/wp\/v2\/product_tag?post=935"}],"curies":[{"name":"wp","href":"https:\/\/api.w.org\/{rel}","templated":true}]}}