{"id":942,"date":"2023-09-23T11:06:47","date_gmt":"2023-09-23T09:06:47","guid":{"rendered":"https:\/\/judkaleiart.com\/?post_type=product&#038;p=942"},"modified":"2026-03-03T14:29:18","modified_gmt":"2026-03-03T12:29:18","slug":"hamtaro-charm","status":"publish","type":"product","link":"https:\/\/judkaleiart.com\/es\/producto\/hamtaro-charm\/","title":{"rendered":"Hamtaro Llavero"},"content":{"rendered":"<p style=\"text-align: center;\"><strong><em>\u2661 Llavero Hamtaro de dise\u00f1o propio \u2661<\/em><\/strong><\/p>\n<p style=\"text-align: center;\">\u2728\ud83d\udc95 Las llaves de tu casa o coche se ver\u00e1n incre\u00edbles con este llavero! \ud83d\udc95\u2728<\/p>\n<p>Tama\u00f1o: 6cm\/2,4 pulgadas<br \/>\nMaterial: Acr\u00edlico con epoxy y brillantitos \u2728<\/p>\n<p>&#8212;&#8212;&#8212;&#8212;&#8212;&#8212;&#8212;&#8212;&#8212;&#8212;&#8212;&#8212;&#8212;-<\/p>\n<p>\ud83d\ude9a ENV\u00cdO R\u00c1PIDO 1-3 D\u00cdAS \ud83d\ude9a<\/p>\n<p>Tiempo estimado de llegada (ver <a href=\"https:\/\/judkaleiart.com\/es\/faq\/\">Informaci\u00f3n de env\u00edo<\/a>):<\/p>\n<p>Espa\u00f1a: 3-5 d\u00edas.<br \/>\nEuropa: 1-2 semanas.<br \/>\nEstados Unidos (y otros): 2-3 semanas.<\/p>\n<p>Ten en cuenta que el tiempo estimado de env\u00edo puede variar debido a la situaci\u00f3n de Covid-19, y que una vez que env\u00ede el pedido por correo ordinario, \u00a1no tengo control sobre \u00e9l! Para un env\u00edo m\u00e1s r\u00e1pido, tambi\u00e9n est\u00e1 disponible el env\u00edo por correo certificado (incluye n\u00famero de seguimiento).<\/p>\n<p>&#8212;&#8212;&#8212;&#8212;&#8212;&#8212;&#8212;&#8212;&#8212;&#8212;&#8212;&#8212;&#8212;-<\/p>\n<p>\ud83c\udf81 \u00a1REGALO! \ud83c\udf81 Cada pedido recibir\u00e1 una pegatina extra al azar de uno de mis dise\u00f1os \ud83d\ude42<\/p>\n<p>Si tienes alguna pregunta, \u00a1no dudes en contactarme!<\/p>\n<p>\u2661 Juds \u2661<\/p>","protected":false},"excerpt":{"rendered":"<p>\u2661 Self-designed Hamtaro charm \u2661 \u2728\ud83d\udc95 Your car or home keys will look amazing with this charm! \ud83d\udc95\u2728 Size: 6cm\/2,4 inches Material: Acrylic with epoxy and glitter. &#8212;&#8212;&#8212;&#8212;&#8212;&#8212;&#8212;&#8212;&#8212;&#8212;&#8212;&#8212;&#8212;- \ud83d\ude9a 1-3 DAYS FAST SHIPPING \ud83d\ude9a Estimated arrival times (see Shipping Information): Spain: 3-5 days. Europe: 1-2 weeks. United States (&amp; rest): 2-3 weeks. Take into consideration [&hellip;]<\/p>\n","protected":false},"featured_media":989,"comment_status":"open","ping_status":"closed","template":"","meta":[],"product_brand":[],"product_cat":[35],"product_tag":[],"class_list":{"0":"post-942","1":"product","2":"type-product","3":"status-publish","4":"has-post-thumbnail","6":"product_cat-charms","7":"product_shipping_class-small-letter","9":"first","10":"instock","11":"shipping-taxable","12":"purchasable","13":"product-type-simple"},"_links":{"self":[{"href":"https:\/\/judkaleiart.com\/es\/wp-json\/wp\/v2\/product\/942","targetHints":{"allow":["GET"]}}],"collection":[{"href":"https:\/\/judkaleiart.com\/es\/wp-json\/wp\/v2\/product"}],"about":[{"href":"https:\/\/judkaleiart.com\/es\/wp-json\/wp\/v2\/types\/product"}],"replies":[{"embeddable":true,"href":"https:\/\/judkaleiart.com\/es\/wp-json\/wp\/v2\/comments?post=942"}],"wp:featuredmedia":[{"embeddable":true,"href":"https:\/\/judkaleiart.com\/es\/wp-json\/wp\/v2\/media\/989"}],"wp:attachment":[{"href":"https:\/\/judkaleiart.com\/es\/wp-json\/wp\/v2\/media?parent=942"}],"wp:term":[{"taxonomy":"product_brand","embeddable":true,"href":"https:\/\/judkaleiart.com\/es\/wp-json\/wp\/v2\/product_brand?post=942"},{"taxonomy":"product_cat","embeddable":true,"href":"https:\/\/judkaleiart.com\/es\/wp-json\/wp\/v2\/product_cat?post=942"},{"taxonomy":"product_tag","embeddable":true,"href":"https:\/\/judkaleiart.com\/es\/wp-json\/wp\/v2\/product_tag?post=942"}],"curies":[{"name":"wp","href":"https:\/\/api.w.org\/{rel}","templated":true}]}}