{"id":962,"date":"2023-09-23T11:30:19","date_gmt":"2023-09-23T09:30:19","guid":{"rendered":"https:\/\/judkaleiart.com\/?post_type=product&#038;p=962"},"modified":"2026-03-03T13:27:17","modified_gmt":"2026-03-03T11:27:17","slug":"zelda-korok-earrings-cute-summer-korok-2","status":"publish","type":"product","link":"https:\/\/judkaleiart.com\/es\/producto\/zelda-korok-earrings-cute-summer-korok-2\/","title":{"rendered":"Zelda Kolog Pendientes | Kolog de Verano Cute"},"content":{"rendered":"<p style=\"text-align: center;\"><strong><em>\u2661 Pendientes de Kologs de Zelda de dise\u00f1o propio \u2661<\/em><\/strong><\/p>\n<p style=\"text-align: center;\">\ud83c\udf43\u2694\ufe0f Ocupa Zelda un lugar importante en tu coraz\u00f3n? Estos pendientes preciosos del kolog veraniego se ver\u00e1n geniales en ti \u2694\ufe0f\ud83c\udf43<\/p>\n<p>Perfectos para el veranito!<br \/>\n\u27a4 \ud83e\udd0d Enganches de plata \ud83e\udd0d<br \/>\n\u27a4 Hechos de acr\u00edlico! Con una capa de epoxy.<br \/>\n\u27a4 Ilustrados digitalmente en Procreate<\/p>\n<p><strong>Tama\u00f1o:<\/strong> 3cm\/1.2 inches for each earring.<\/p>\n<p>&#8212;&#8212;&#8212;&#8212;&#8212;&#8212;&#8212;&#8212;&#8212;&#8212;&#8212;&#8212;&#8212;-<\/p>\n<p>\ud83d\ude9a ENV\u00cdO R\u00c1PIDO 1-3 D\u00cdAS \ud83d\ude9a<\/p>\n<p>Tiempo estimado de llegada (ver <a href=\"https:\/\/judkaleiart.com\/es\/faq\/\">Informaci\u00f3n de env\u00edo<\/a>):<\/p>\n<p>Espa\u00f1a: 3-5 d\u00edas.<br \/>\nEuropa: 1-2 semanas.<br \/>\nEstados Unidos (y otros): 2-3 semanas.<\/p>\n<p>Ten en cuenta que el tiempo estimado de env\u00edo puede variar debido a la situaci\u00f3n de Covid-19, y que una vez que env\u00ede el pedido por correo ordinario, \u00a1no tengo control sobre \u00e9l! Para un env\u00edo m\u00e1s r\u00e1pido, tambi\u00e9n est\u00e1 disponible el env\u00edo por correo certificado (incluye n\u00famero de seguimiento).<\/p>\n<p>&#8212;&#8212;&#8212;&#8212;&#8212;&#8212;&#8212;&#8212;&#8212;&#8212;&#8212;&#8212;&#8212;-<\/p>\n<p>\ud83c\udf81 \u00a1REGALO! \ud83c\udf81 Cada pedido recibir\u00e1 una pegatina extra al azar de uno de mis dise\u00f1os \ud83d\ude42<\/p>\n<p>Si tienes alguna pregunta, \u00a1no dudes en contactarme!<\/p>\n<p>\u2661 Juds \u2661<\/p>","protected":false},"excerpt":{"rendered":"<p>\u2661 Self-designed Zelda Korok earrings \u2661 \ud83c\udf43\u2694\ufe0f Does The Legend of Zelda hold a very special place in your heart? These cute earrings featuring a summer korok will look amazing on you \u2694\ufe0f\ud83c\udf43 Perfect for the summer season! \u27a4 \ud83e\udd0d Silver hooks \ud83e\udd0d \u27a4 Made out of acrylic! With an epoxy layer on the front [&hellip;]<\/p>\n","protected":false},"featured_media":1008,"comment_status":"open","ping_status":"closed","template":"","meta":[],"product_brand":[],"product_cat":[77],"product_tag":[],"class_list":{"0":"post-962","1":"product","2":"type-product","3":"status-publish","4":"has-post-thumbnail","6":"product_cat-earrings","7":"product_shipping_class-small-letter","9":"first","10":"instock","11":"shipping-taxable","12":"purchasable","13":"product-type-simple"},"_links":{"self":[{"href":"https:\/\/judkaleiart.com\/es\/wp-json\/wp\/v2\/product\/962","targetHints":{"allow":["GET"]}}],"collection":[{"href":"https:\/\/judkaleiart.com\/es\/wp-json\/wp\/v2\/product"}],"about":[{"href":"https:\/\/judkaleiart.com\/es\/wp-json\/wp\/v2\/types\/product"}],"replies":[{"embeddable":true,"href":"https:\/\/judkaleiart.com\/es\/wp-json\/wp\/v2\/comments?post=962"}],"wp:featuredmedia":[{"embeddable":true,"href":"https:\/\/judkaleiart.com\/es\/wp-json\/wp\/v2\/media\/1008"}],"wp:attachment":[{"href":"https:\/\/judkaleiart.com\/es\/wp-json\/wp\/v2\/media?parent=962"}],"wp:term":[{"taxonomy":"product_brand","embeddable":true,"href":"https:\/\/judkaleiart.com\/es\/wp-json\/wp\/v2\/product_brand?post=962"},{"taxonomy":"product_cat","embeddable":true,"href":"https:\/\/judkaleiart.com\/es\/wp-json\/wp\/v2\/product_cat?post=962"},{"taxonomy":"product_tag","embeddable":true,"href":"https:\/\/judkaleiart.com\/es\/wp-json\/wp\/v2\/product_tag?post=962"}],"curies":[{"name":"wp","href":"https:\/\/api.w.org\/{rel}","templated":true}]}}